{"id":4972,"date":"2021-04-19T21:25:21","date_gmt":"2021-04-19T21:25:21","guid":{"rendered":"http:\/\/www.reflejar.gob.ar\/?page_id=4972"},"modified":"2021-04-19T21:25:21","modified_gmt":"2021-04-19T21:25:21","slug":"material-en-video-jornadas-de-apertura-del-ano-academico-reflejar-2021","status":"publish","type":"page","link":"https:\/\/www.reflejar.gob.ar\/?page_id=4972","title":{"rendered":"Material en Video &#8211; Jornadas de Apertura del A\u00f1o Acad\u00e9mico REFLEJAR 2021"},"content":{"rendered":"<p>Jornadas Apertura de A\u00f1o Acad\u00e9mico de REFLEJAR denominadas:\u00a0<b>\u201c<\/b><b>Decreto 635:<\/b><b>\u00a0Fortalecimiento del Poder Judicial.\u00a0<\/b><b>Conclusiones de la Comisi\u00f3n Asesora<\/b><b>\u201d<\/b>.<\/p>\n<p>Primera Jornada &#8211;\u00a0<strong>jueves 04 de marzo a las 17:00 hs<\/strong><\/p>\n<p style=\"text-align: center;\"><iframe loading=\"lazy\" title=\"YouTube video player\" src=\"https:\/\/www.youtube.com\/embed\/fRBhxPwc3kg\" width=\"560\" height=\"315\" frameborder=\"0\" allowfullscreen=\"allowfullscreen\"><\/iframe><\/p>\n<p style=\"text-align: left;\">Segunda Jornada &#8211;\u00a0<strong>jueves 11 de marzo de 2021 &#8211; 17:00 hs<\/strong><\/p>\n<p style=\"text-align: center;\"><iframe loading=\"lazy\" title=\"YouTube video player\" src=\"https:\/\/www.youtube.com\/embed\/EHk-gjhmTnc\" width=\"560\" height=\"315\" frameborder=\"0\" allowfullscreen=\"allowfullscreen\"><\/iframe><\/p>\n","protected":false},"excerpt":{"rendered":"<p>Jornadas Apertura de A\u00f1o Acad\u00e9mico de REFLEJAR denominadas:\u00a0\u201cDecreto 635:\u00a0Fortalecimiento del Poder Judicial.\u00a0Conclusiones de la Comisi\u00f3n Asesora\u201d. Primera Jornada &#8211;\u00a0jueves 04 de marzo a las 17:00 hs Segunda Jornada &#8211;\u00a0jueves 11 de marzo de 2021 &#8211; 17:00 hs<\/p>\n","protected":false},"author":1,"featured_media":0,"parent":2295,"menu_order":1,"comment_status":"closed","ping_status":"closed","template":"","meta":{"footnotes":""},"class_list":["post-4972","page","type-page","status-publish","hentry"],"_links":{"self":[{"href":"https:\/\/www.reflejar.gob.ar\/index.php?rest_route=\/wp\/v2\/pages\/4972","targetHints":{"allow":["GET"]}}],"collection":[{"href":"https:\/\/www.reflejar.gob.ar\/index.php?rest_route=\/wp\/v2\/pages"}],"about":[{"href":"https:\/\/www.reflejar.gob.ar\/index.php?rest_route=\/wp\/v2\/types\/page"}],"author":[{"embeddable":true,"href":"https:\/\/www.reflejar.gob.ar\/index.php?rest_route=\/wp\/v2\/users\/1"}],"replies":[{"embeddable":true,"href":"https:\/\/www.reflejar.gob.ar\/index.php?rest_route=%2Fwp%2Fv2%2Fcomments&post=4972"}],"version-history":[{"count":0,"href":"https:\/\/www.reflejar.gob.ar\/index.php?rest_route=\/wp\/v2\/pages\/4972\/revisions"}],"up":[{"embeddable":true,"href":"https:\/\/www.reflejar.gob.ar\/index.php?rest_route=\/wp\/v2\/pages\/2295"}],"wp:attachment":[{"href":"https:\/\/www.reflejar.gob.ar\/index.php?rest_route=%2Fwp%2Fv2%2Fmedia&parent=4972"}],"curies":[{"name":"wp","href":"https:\/\/api.w.org\/{rel}","templated":true}]}}