{"id":373,"date":"2016-04-04T11:25:45","date_gmt":"2016-04-04T11:25:45","guid":{"rendered":"http:\/\/desa_reflejar\/?page_id=373"},"modified":"2024-07-10T12:11:22","modified_gmt":"2024-07-10T15:11:22","slug":"reglamento","status":"publish","type":"page","link":"https:\/\/www.reflejar.gob.ar\/?page_id=373","title":{"rendered":"Reglamento"},"content":{"rendered":"\n<p><strong>CAP\u00cdTULO I<\/strong><\/p>\n\n\n\n<p><strong>DISPOSICIONES GENERALES<\/strong><\/p>\n\n\n\n<p>Art. 1. Constituci\u00f3n:<\/p>\n\n\n\n<p>En el marco institucional de la Junta Federal de Cortes y Superiores Tribunales de Justicia de las Provincias Argentinas y de la Ciudad Aut\u00f3noma de Buenos Aires, con la finalidad de proveer una estructura de comunicaci\u00f3n y colaboraci\u00f3n entre las Escuelas Judiciales de los Superiores Tribunales y Cortes que conforman Ju.Fe.Jus., se crea el Instituto de Capacitaci\u00f3n Judicial de las Provincias Argentinas y Ciudad Aut\u00f3noma de Buenos Aires (REFLEJAR)<a>.<\/a><\/p>\n\n\n\n<p>Art. 2. Naturaleza:<\/p>\n\n\n\n<p>REFLEJAR es un canal de difusi\u00f3n, comunicaci\u00f3n y colaboraci\u00f3n, orientada al fortalecimiento de las Escuelas de las Provincias Argentinas y de la Ciudad Aut\u00f3noma de Buenos Aires, y a la construcci\u00f3n de mecanismos viables y eficientes de mejoramiento de la justicia local, a trav\u00e9s de la capacitaci\u00f3n, con el objeto de favorecer, desde el \u00e1mbito de la administraci\u00f3n de justicia y ejercicio de la funci\u00f3n jurisdiccional, la cohesi\u00f3n social as\u00ed como lograr una incidencia positiva clara y directa en las pol\u00edticas p\u00fablicas sobre la materia<a>.<\/a><\/p>\n\n\n\n<p>Art. 3. Funcionamiento:<\/p>\n\n\n\n<p>El funcionamiento de REFLEJAR se regir\u00e1 por este reglamento, por el estatuto de Ju.Fe.Jus., y por las reglas de coordinaci\u00f3n que establezca la Junta Directiva de REFLEJAR para el eficaz cumplimiento de sus objetivos<a>.<\/a><\/p>\n\n\n\n<p>Art. 4. Pol\u00edticas:<\/p>\n\n\n\n<p>A trav\u00e9s del fortalecimiento de la educaci\u00f3n judicial, REFLEJAR contribuir\u00e1 lograr una mayor independencia del poder judicial, a mejorar el servicio de justicia y a consolidar del Estado de Derecho, con un impacto directo y eficaz en el incremento de la confianza de los ciudadanos en el sistema judicial, favoreci\u00e9ndose as\u00ed la cohesi\u00f3n social<a>.<\/a><\/p>\n\n\n\n<p><a><\/a><a><\/a><a><\/a><a><strong>CAP\u00cdTULO II<\/strong><\/a><\/p>\n\n\n\n<p><strong>OBJETIVOS Y ACTIVIDADES<\/strong><\/p>\n\n\n\n<p>Art. 5. Objetivo general:<\/p>\n\n\n\n<p>REFLEJAR tiene el objetivo general de posibilitar el intercambio de conocimientos y experiencias entre las escuelas judiciales argentinas mediante el uso de las tecnolog\u00edas de la informaci\u00f3n y la comunicaci\u00f3n.<\/p>\n\n\n\n<p>Art. 6. Objetivos espec\u00edficos:<\/p>\n\n\n\n<ol class=\"wp-block-list\" type=\"a\">\n<li>Promover la capacitaci\u00f3n de magistrados, funcionarios y agentes judiciales, generando v\u00edas de motivaci\u00f3n.<\/li>\n\n\n\n<li>Establecer un esquema de comunicaci\u00f3n efectivo entre las escuelas judiciales que integran el Instituto.<\/li>\n\n\n\n<li>Reafirmar el federalismo argentino y promover la cooperaci\u00f3n internacional.<\/li>\n\n\n\n<li>Establecer relaciones con la RIAEJ, la REJEM, y con las Escuelas Judiciales de Espa\u00f1a, Francia y de otros pa\u00edses que tengan objetivos comunes.<\/li>\n\n\n\n<li>Dise\u00f1ar medidas de gesti\u00f3n para el eficaz funcionamiento del Instituto.<\/li>\n\n\n\n<li>Supervisar las acciones programadas y medir los resultados obtenidos.<\/li>\n<\/ol>\n\n\n\n<p>Art. 7: Actividades.<\/p>\n\n\n\n<p>REFLEJAR realizar\u00e1 actividades orientadas a:<\/p>\n\n\n\n<ol class=\"wp-block-list\" type=\"a\">\n<li>Intercambiar informaci\u00f3n, conocimientos y experiencias entre las Escuelas Judiciales.<\/li>\n\n\n\n<li>Mantener la interacci\u00f3n de las Escuelas Judiciales y fomentar el compromiso de cooperaci\u00f3n.<\/li>\n\n\n\n<li>Dise\u00f1ar un modelo adecuado y \u00fanico de gesti\u00f3n.<\/li>\n\n\n\n<li>Crear un sistema moderno de informaci\u00f3n y la comunicaci\u00f3n.<\/li>\n\n\n\n<li>Proveer capacitaci\u00f3n en el uso de las tecnolog\u00edas aplicadas en el modelo de gesti\u00f3n.<\/li>\n\n\n\n<li>Prever matrices para obtenci\u00f3n de datos y apoyo tecnol\u00f3gico, para evaluar el funcionamiento de las escuelas judiciales a fin de detectar las mejores pr\u00e1cticas y los problemas que enfrentan.<\/li>\n\n\n\n<li>Formar una base de datos con programas acad\u00e9micos, m\u00e9todos de ense\u00f1anza, informaci\u00f3n de eventos, buenas pr\u00e1cticas y todo otro sitio que la Junta Directiva estime conveniente incluir en la p\u00e1gina Web de REFLEJAR.<\/li>\n<\/ol>\n\n\n\n<p><a><\/a><a><\/a><a><\/a><a><\/a><a><\/a><a><\/a><a><\/a><a><strong>CAP\u00cdTULO III<\/strong><\/a><\/p>\n\n\n\n<p><strong>MIEMBROS<\/strong><\/p>\n\n\n\n<p><strong>DERECHOS Y OBLIGACIONES<\/strong><\/p>\n\n\n\n<p>Art. 8: Miembros.<\/p>\n\n\n\n<p>Son miembros de REFLEJAR, las Escuelas Judiciales de las Provincias Argentinas y de la Ciudad Aut\u00f3noma de Buenos Aires<a href=\"https:\/\/www.reflejar.gob.ar\/reglamento\/#sdfootnote1sym\"><sup>1<\/sup><\/a>&nbsp;que soliciten en debida forma integrar el Instituto.<\/p>\n\n\n\n<p>La denominaci\u00f3n de&nbsp;<em>Escuelas Judiciales<\/em>&nbsp;alcanza a todos los centros de capacitaci\u00f3n de las Cortes y Superiores Tribunales de Justicia que integran Ju.Fe.Jus., independientemente de las diversas denominaciones que cada uno de ellos posee.<\/p>\n\n\n\n<p>Son miembros asociados, las escuelas judiciales y otras instituciones y organizaciones, que tengan similar finalidad y objetivos, y comunican su voluntad de trabajar en red con REFLEJAR, comprometi\u00e9ndose a asumir y respaldar las actividades, de conformidad a las reglas de funcionamiento de REFLEJAR dispuestas en el Art. 3\u00b0 y concordantes del presente Reglamento. Pueden participar de la Asamblea General con derecho a voz, pero no a voto, y no pueden tener cargos directivos. Tienen las mismas Obligaciones y Derechos que los miembros, excepto las del inc. a) del Art.9\u00b0 del presente Reglamento.<\/p>\n\n\n\n<p>Art. 9: Derechos de los miembros.<\/p>\n\n\n\n<p>Son derechos de los miembros de REFLEJAR:<\/p>\n\n\n\n<ol class=\"wp-block-list\" type=\"a\">\n<li>Elegir a los Miembros de la Junta Directiva, al Secretario General y al Secretario Acad\u00e9mico de REFLEJAR.<\/li>\n\n\n\n<li>Llevar a consideraci\u00f3n de la Junta Directiva propuestas acordes a los objetivos y fines de REFLEJAR<\/li>\n\n\n\n<li>Participar en las actividades de capacitaci\u00f3n que organice REFLEJAR.<\/li>\n\n\n\n<li>Solicitar apoyo institucional de REFLEJAR para el fortalecimiento de sus Miembros y obtener una respuesta oportuna.<\/li>\n<\/ol>\n\n\n\n<p>Art. 10: Obligaciones de los miembros.<\/p>\n\n\n\n<ol class=\"wp-block-list\" type=\"a\">\n<li>Cumplir con el estatuto de REFLEJAR.<\/li>\n\n\n\n<li>Colaborar con las actividades que propicie REFLEJAR.<\/li>\n\n\n\n<li>Cumplir con las tareas que la Asamblea General o la Junta Directiva les asigne a trav\u00e9s de la Secretar\u00eda General de REFLEJAR.<\/li>\n\n\n\n<li>Presentar en forma oportuna, los informes que le fueran requeridos para el normal funcionamiento de REFLEJAR.<\/li>\n\n\n\n<li>Utilizar el modelo de gesti\u00f3n de REFLEJAR, para posibilitar la transferencia de informaci\u00f3n y conocimientos.<\/li>\n\n\n\n<li>Aceptar las observaciones que pueda realizar la Ju.Fe.Jus.<\/li>\n\n\n\n<li>Abstenerse de realizar actividades contrarias al objetivo principal de REFLEJAR.<\/li>\n<\/ol>\n\n\n\n<p><strong>CAP\u00cdTULO IV<\/strong><\/p>\n\n\n\n<p><strong>ESTRUCTURA<\/strong><\/p>\n\n\n\n<p>Art. 11:&nbsp;Los \u00f3rganos de REFLEJAR son:<\/p>\n\n\n\n<ol class=\"wp-block-list\" type=\"a\">\n<li>La Asamblea General.<\/li>\n\n\n\n<li>La Junta Directiva.<\/li>\n\n\n\n<li>Secretar\u00eda General.<\/li>\n\n\n\n<li>Secretar\u00eda Acad\u00e9mica.<\/li>\n<\/ol>\n\n\n\n<p><strong>CAP\u00cdTULO V<\/strong><\/p>\n\n\n\n<p><strong>ASAMBLEA GENERAL<\/strong><\/p>\n\n\n\n<p>Art. 12: Naturaleza.<\/p>\n\n\n\n<p>La Asamblea General es el \u00f3rgano supremo de REFLEJAR y est\u00e1 conformada por las Escuelas Judiciales que la integran, las que expresar\u00e1n su voluntad en forma indelegable. Cada Escuela tendr\u00e1 un voto.<\/p>\n\n\n\n<p>Art. 13: Sesiones.<\/p>\n\n\n\n<p>La Asamblea General sesionar\u00e1 ordinariamente, una vez al a\u00f1o despu\u00e9s de la Asamblea General de Ju.Fe.Jus.<\/p>\n\n\n\n<p>La Junta Directiva convocar\u00e1 a Asamblea Extraordinaria las veces que resulte necesario, a requerimiento de la mitad m\u00e1s uno de sus miembros<a href=\"https:\/\/www.reflejar.gob.ar\/reglamento\/#sdfootnote2sym\"><sup>2<\/sup><\/a>. Ambas convocatorias se deber\u00e1n realizar con quince d\u00edas de anticipaci\u00f3n.<\/p>\n\n\n\n<p>Art. 14: Constituci\u00f3n.<\/p>\n\n\n\n<p>La Asamblea se constituir\u00e1 con los miembros presentes, en el lugar, d\u00eda y hora establecidos en la convocatoria que la Junta Directiva realizar\u00e1 con quince d\u00edas de anticipaci\u00f3n.<\/p>\n\n\n\n<p>La Asamblea sesionar\u00e1 con la mayor\u00eda absoluta de los miembros que la integran. Transcurridos 30 minutos de la hora fijada en la convocatoria, sesionar\u00e1 v\u00e1lidamente con los miembros presentes.<\/p>\n\n\n\n<p>Art. 15: Autoridades.<\/p>\n\n\n\n<p>El Presidente de la Asamblea ser\u00e1 elegido de entre sus miembros por simple mayor\u00eda de votos de los presentes.<\/p>\n\n\n\n<p>Art. 16: Funciones.<\/p>\n\n\n\n<p>Son funciones de la Asamblea General:<\/p>\n\n\n\n<ol class=\"wp-block-list\" type=\"a\">\n<li>Dise\u00f1ar las pol\u00edticas de gesti\u00f3n de REFLEJAR e impartir a los dem\u00e1s \u00f3rganos las instrucciones necesarias para su funcionamiento.<\/li>\n\n\n\n<li>Aprobar el plan anual de actividades.<\/li>\n\n\n\n<li>Aprobar estrategias de gesti\u00f3n.<\/li>\n\n\n\n<li>Aprobar convenios de cooperaci\u00f3n con organismos nacionales e internacionales, con el respaldo institucional de Ju.Fe.Jus.<\/li>\n\n\n\n<li>Elegir a los miembros de la Junta Directiva.<\/li>\n\n\n\n<li>Recibir informes, identificar necesidades y determinar tareas que realizar\u00e1n los grupos de trabajo que se conformen al efecto.<\/li>\n\n\n\n<li>Formar grupos de trabajo para el an\u00e1lisis de temas concretos, que puedan servir de base para adoptar decisiones o para asegurar el buen funcionamiento de REFLEJAR.<\/li>\n\n\n\n<li>Reformar el reglamento de REFLEJAR, para lo que se requerir\u00e1 la mayor\u00eda de los dos tercios de sus votos, ad refer\u00e9ndum de la Comisi\u00f3n Directiva de Ju.Fe.Jus.<\/li>\n\n\n\n<li>Decidir la extinci\u00f3n de REFLEJAR, con el voto de las dos terceras de los miembros presentes, en coincidencia de voluntades con Ju.Fe.Jus.<\/li>\n<\/ol>\n\n\n\n<p>Art. 17: Decisiones.<\/p>\n\n\n\n<p>La Asamblea tomar\u00e1 decisiones por simple mayor\u00eda, a menos que exista una disposici\u00f3n especial en contrario. Cada Miembro tendr\u00e1 un voto.<\/p>\n\n\n\n<p><strong>CAP\u00cdTULO VI<\/strong><\/p>\n\n\n\n<p><strong>JUNTA DIRECTIVA<\/strong><\/p>\n\n\n\n<p>Art. 18: Miembros.<\/p>\n\n\n\n<p>Los Miembros de Junta Directiva durar\u00e1n dos a\u00f1os en sus funciones y podr\u00e1n ser reelectos, a saber:<\/p>\n\n\n\n<p>Seis Miembros designados por la Comisi\u00f3n Directiva de Ju.Fe.Jus.: Presidente, Vicepresidente 1\u00ba, Vicepresidente 2\u00ba y tres Vocales, cargos que recaer\u00e1n en Ministros de los Superiores Tribunales y\/o Cortes Provinciales. Estos Ministros deber\u00e1n representar en lo posible, a las seis regiones previstas en el Estatuto de Ju.Fe.Jus.<\/p>\n\n\n\n<p>Miembros Directores y\/o Representantes de las Escuelas Judiciales de las provincias, en car\u00e1cter de Vocales, elegidos en Asamblea General de manera independiente y que no ser\u00e1n de las mismas provincias de los Se\u00f1ores Ministros y Se\u00f1oras Ministras designados por la Comisi\u00f3n Directiva de Ju.Fe.Jus.<\/p>\n\n\n\n<p>Art. 19: Reuniones.<\/p>\n\n\n\n<p>La Junta Directiva se reunir\u00e1 por lo menos dos veces al a\u00f1o, o cuando lo considere necesario, a convocatoria de su Presidente.<\/p>\n\n\n\n<p>Art. 20: Funciones.<\/p>\n\n\n\n<p>Son funciones de la Junta Directiva:<\/p>\n\n\n\n<ol class=\"wp-block-list\" type=\"a\">\n<li>Ejecutar las decisiones de la Asamblea General.<\/li>\n\n\n\n<li>Coordinar y vigilar las pol\u00edticas de acci\u00f3n de REFLEJAR.<\/li>\n\n\n\n<li>Definir las estrategias de gesti\u00f3n.<\/li>\n\n\n\n<li>Formar grupos de trabajo para el an\u00e1lisis de temas concretos.<\/li>\n\n\n\n<li>Presentar a la Asamblea General el proyecto del plan anual de actividades.<\/li>\n\n\n\n<li>Realizar un informe de necesidades y propuestas de soluciones, que se elevar\u00e1n a la Asamblea General.<\/li>\n\n\n\n<li>Comunicarse con los miembros de REFLEJAR a trav\u00e9s de la Secretar\u00eda General.<\/li>\n\n\n\n<li>Preparar la agenda de sesiones de la Asamblea General.<\/li>\n\n\n\n<li>Convocar a Asamblea General, a trav\u00e9s de su Presidente.<\/li>\n\n\n\n<li>Elaborar proyectos de reforma del reglamento de REFLEJAR.<\/li>\n\n\n\n<li>Gestionar convenios con organismos nacionales e internacionales para llevarlos a consideraci\u00f3n de la Asamblea General<a href=\"https:\/\/www.reflejar.gob.ar\/reglamento\/#sdfootnote3sym\"><sup>3<\/sup><\/a>.<\/li>\n<\/ol>\n\n\n\n<p>Art. 21: Decisiones.<\/p>\n\n\n\n<p>La Junta Directiva emitir\u00e1 sus decisiones por simple mayor\u00eda de los Miembros designados en los t\u00e9rminos expresados en el primer p\u00e1rrafo del Art.18. Mientras que los restantes Vocales y Secretarios y Secretarias designados solo tendr\u00e1n voz. Quien ejerza la Presidencia tendr\u00e1 doble voto en caso de empate.<\/p>\n\n\n\n<p>Art. 22. Presidencia.<\/p>\n\n\n\n<p>El Presidente de la Junta Directiva tendr\u00e1 las siguientes funciones:<\/p>\n\n\n\n<ul class=\"wp-block-list\" type=\"a\">\n<li>Presidir la Junta Directiva.<\/li>\n\n\n\n<li>Representar a REFLEJAR.<\/li>\n\n\n\n<li>Rendir informes ante la Asamblea General.<\/li>\n\n\n\n<li>Convocar a la Junta Directiva a reuniones ordinarias o extraordinarias.<\/li>\n\n\n\n<li>Adoptar las decisiones que sean necesarias para el mejor funcionamiento de REFLEJAR, con la debida informaci\u00f3n a la Junta Directiva.<\/li>\n<\/ul>\n\n\n\n<p>Podr\u00e1 designar un Secretario Privado, que durar\u00e1 en sus funciones por el tiempo de permanencia del Presidente que lo designe, y cumplir\u00e1 las funciones que \u00e9ste establezca. Participar\u00e1 en las reuniones de Junta Directiva sin voz ni voto.<\/p>\n\n\n\n<p><strong>CAP\u00cdTULO VII<\/strong><\/p>\n\n\n\n<p><strong>SECRETAR\u00cdA GENERAL<\/strong><\/p>\n\n\n\n<p>Art. 23. Designaci\u00f3n:<\/p>\n\n\n\n<p>Ser\u00e1n dos, designados por la Junta Directiva de REFLEJAR, y este mismo cuerpo podr\u00e1 dar por finalizada su funci\u00f3n cuando lo considere conveniente.<\/p>\n\n\n\n<p>Art. 24: Duraci\u00f3n<\/p>\n\n\n\n<p>Durar\u00e1n en el cargo dos&nbsp;a\u00f1os y podr\u00e1n ser reelectos. En caso de renuncia, vacancia, o revocaci\u00f3n de su mandato, la Junta Directiva designar\u00e1 al sustituto en forma inmediata.<\/p>\n\n\n\n<p>Art. 25: Funciones<\/p>\n\n\n\n<p>Son funciones:<\/p>\n\n\n\n<p>Llevar los registros y acuerdos de las decisiones de la Asamblea General y de la Junta Directiva de REFLEJAR.<\/p>\n\n\n\n<p>Coordinar y ejecutar los trabajos de REFLEJAR, que la Junta Directiva le encomiende.<\/p>\n\n\n\n<p>Informar a los Miembros las decisiones adoptadas por la Junta Directiva y estar en permanente comunicaci\u00f3n con los mismos.<\/p>\n\n\n\n<p>Mantener actualizados los datos de los integrantes.<\/p>\n\n\n\n<p>Facilitar la comunicaci\u00f3n entre los Miembros.<\/p>\n\n\n\n<p>Supervisar la p\u00e1gina Web de REFLEJAR.<\/p>\n\n\n\n<p>Promover las relaciones entre REFLEJAR y los organismos nacionales e internacionales vinculados a ella, por indicaci\u00f3n de la Junta Directiva o de la Asamblea.<\/p>\n\n\n\n<p>Coordinar los grupos de trabajo conformados por la Asamblea General o por la Junta Directiva.<\/p>\n\n\n\n<p><strong>CAP\u00cdTULO VIII<\/strong><\/p>\n\n\n\n<p><strong>SECRETAR\u00cdA ACAD\u00c9MICA<\/strong><\/p>\n\n\n\n<p>Art. 26: Designaci\u00f3n.<\/p>\n\n\n\n<p>Ser\u00e1n dos, designados por la Junta Directiva de REFLEJAR, y este mismo cuerpo podr\u00e1 dar por finalizada su funci\u00f3n cuando lo considere conveniente.<\/p>\n\n\n\n<p>Art. 27: Duraci\u00f3n.<\/p>\n\n\n\n<p>Durar\u00e1nn en el cargo dos a\u00f1os y podr\u00e1n ser reelectos. En caso de renuncia, vacancia, o revocaci\u00f3n de su mandato, la Junta Directiva designar\u00e1 al sustituto en forma inmediata.<\/p>\n\n\n\n<p>Art. 28: Funciones.<\/p>\n\n\n\n<p>Son funciones:<\/p>\n\n\n\n<p>Elevar anualmente a la Asamblea General un Programa de Capacitaci\u00f3n, que una vez aprobado ser\u00e1 incorporado al Plan Anual de Actividades.<\/p>\n\n\n\n<p>Desarrollar el Programa Anual de Capacitaci\u00f3n, poniendo especial \u00e9nfasis en la capacitaci\u00f3n en el uso de tecnolog\u00edas aplicadas al modelo de gesti\u00f3n.<\/p>\n\n\n\n<p>Implementar los convenios con organismos nacionales e internacionales relativos a formaci\u00f3n y capacitaci\u00f3n aprobados por la Asamblea General.<\/p>\n\n\n\n<p>Mantener informados a las Organismos Integrantes de REFLEJAR de las actividades propias, como as\u00ed tambi\u00e9n difundir las ofertas de capacitaci\u00f3n de los miembros. (antecedente Art. 7 Inc. b)<\/p>\n\n\n\n<p>Brindar asesoramiento t\u00e9cnico a los integrantes del Instituto.<\/p>\n\n\n\n<p>Llevar adelante una Base de Datos de Buenas Pr\u00e1cticas. (antecedente Art. 7 Inc. g)<\/p>\n\n\n\n<p><strong>CAP\u00cdTULO IX<\/strong><\/p>\n\n\n\n<p><strong>DISPOSICIONES GENERALES<\/strong><\/p>\n\n\n\n<p>Art. 29:&nbsp;Para el caso que el presente reglamento no contemple situaciones que pudieran surgir, ser\u00e1 de aplicaci\u00f3n supletoria el estatuto de Ju.Fe.Jus.<\/p>\n\n\n\n<p><strong>CAP\u00cdTULO X<\/strong><\/p>\n\n\n\n<p><strong>MIEMBROS HONORARIOS<\/strong><\/p>\n\n\n\n<p>Art. 30: Ser\u00e1n Miembros Honorarios de REFLEJAR, los Presidentes, Presidentas, Vicepresidentes, Vicepresidentas, Secretarios y Secretarias que hayan cumplido funciones desde la conformaci\u00f3n originaria de la Red de Escuelas Judiciales de Argentina, y que se encuentren en actividad. Cumplir\u00e1n la funci\u00f3n de asesorar a quien ejerza la presidencia o a la Junta Directiva cuando fuere necesario, pudiendo ser convocados a participar de las reuniones de Junta Directiva con voz, pero si voto.<\/p>\n\n\n\n<div class=\"wp-block-file\"><a id=\"wp-block-file--media-d429c30c-0def-47ff-b33d-5bf43fb43cde\" href=\"https:\/\/www.reflejar.gob.ar\/wp-content\/uploads\/2024\/07\/REGLAMENTO-REFLEJAR-2024.docx\">REGLAMENTO-REFLEJAR-2024<\/a><a href=\"https:\/\/www.reflejar.gob.ar\/wp-content\/uploads\/2024\/07\/REGLAMENTO-REFLEJAR-2024.docx\" class=\"wp-block-file__button wp-element-button\" download aria-describedby=\"wp-block-file--media-d429c30c-0def-47ff-b33d-5bf43fb43cde\">Descarga<\/a><\/div>\n","protected":false},"excerpt":{"rendered":"<p>CAP\u00cdTULO I DISPOSICIONES GENERALES Art. 1. Constituci\u00f3n: En el marco institucional de la Junta Federal de Cortes y Superiores Tribunales de Justicia de las Provincias Argentinas y de la Ciudad Aut\u00f3noma de Buenos Aires, con la finalidad de proveer una estructura de comunicaci\u00f3n y colaboraci\u00f3n entre las Escuelas Judiciales de los Superiores Tribunales y Cortes &hellip; <\/p>\n<p class=\"link-more\"><a href=\"https:\/\/www.reflejar.gob.ar\/?page_id=373\" class=\"more-link\">Segu\u00ed leyendo<span class=\"screen-reader-text\"> &#8220;Reglamento&#8221;<\/span><\/a><\/p>\n","protected":false},"author":1,"featured_media":0,"parent":0,"menu_order":0,"comment_status":"closed","ping_status":"closed","template":"","meta":{"footnotes":""},"class_list":["post-373","page","type-page","status-publish","hentry"],"_links":{"self":[{"href":"https:\/\/www.reflejar.gob.ar\/index.php?rest_route=\/wp\/v2\/pages\/373","targetHints":{"allow":["GET"]}}],"collection":[{"href":"https:\/\/www.reflejar.gob.ar\/index.php?rest_route=\/wp\/v2\/pages"}],"about":[{"href":"https:\/\/www.reflejar.gob.ar\/index.php?rest_route=\/wp\/v2\/types\/page"}],"author":[{"embeddable":true,"href":"https:\/\/www.reflejar.gob.ar\/index.php?rest_route=\/wp\/v2\/users\/1"}],"replies":[{"embeddable":true,"href":"https:\/\/www.reflejar.gob.ar\/index.php?rest_route=%2Fwp%2Fv2%2Fcomments&post=373"}],"version-history":[{"count":0,"href":"https:\/\/www.reflejar.gob.ar\/index.php?rest_route=\/wp\/v2\/pages\/373\/revisions"}],"wp:attachment":[{"href":"https:\/\/www.reflejar.gob.ar\/index.php?rest_route=%2Fwp%2Fv2%2Fmedia&parent=373"}],"curies":[{"name":"wp","href":"https:\/\/api.w.org\/{rel}","templated":true}]}}