{"id":367,"date":"2016-04-04T11:24:24","date_gmt":"2016-04-04T11:24:24","guid":{"rendered":"http:\/\/desa_reflejar\/?page_id=367"},"modified":"2016-09-27T14:02:47","modified_gmt":"2016-09-27T14:02:47","slug":"antecedentes-constitutivos","status":"publish","type":"page","link":"https:\/\/www.reflejar.gob.ar\/?page_id=367","title":{"rendered":"Antecedentes Constitutivos"},"content":{"rendered":"<p style=\"text-align: justify;\">La creaci\u00f3n de un Instituto que nuclea a las Escuelas Judiciales de las Provincias Argentinas y de la Ciudad Aut\u00f3noma de Buenos Aires, dentro del marco institucional de la Junta Federal de Cortes y Superiores Tribunales de Justicia de las Provincias Argentinas y de la Ciudad Aut\u00f3noma de Buenos Aires (JuFeJUs), permitir\u00e1 construir una estructura de comunicaci\u00f3n y colaboraci\u00f3n entre las Escuelas Judiciales Argentinas.<\/p>\n<p style=\"text-align: justify;\">Esta iniciativa aportar\u00e1 un valioso espacio para la reflexi\u00f3n jur\u00eddica, el intercambio de experiencias, el fortalecimiento de la educaci\u00f3n judicial y el desarrollo de acciones comunes para fortalecer la educaci\u00f3n judicial lo que contribuir\u00e1 a lograr una mayor independencia del poder judicial.<\/p>\n<p style=\"text-align: justify;\">La conformaci\u00f3n de este instituto brindar\u00e1 la oportunidad de abordar y debatir tem\u00e1ticas de incumbencia e inter\u00e9s, de resultar un canal efectivo y eficiente de comunicaci\u00f3n y colaboraci\u00f3n; de desarrollar proyectos y analizar aspectos fundamentales de la cultura jur\u00eddica argentina.<\/p>\n<p style=\"text-align: justify;\">A partir de principios b\u00e1sicos de solidaridad y colaboraci\u00f3n, el Instituto de Capacitaci\u00f3n Judicial de las Provincias Argentinas y de la Ciudad Aut\u00f3noma de Buenos Aires (REFLEJAR), permitir\u00e1 construir mecanismos viables y eficientes de mejoramiento de la justicia local. A trav\u00e9s de la capacitaci\u00f3n, se favorecer\u00e1 la cohesi\u00f3n social desde el \u00e1mbito de la administraci\u00f3n de justicia y del ejercicio de la funci\u00f3n jurisdiccional, con una incidencia positiva clara y directa en las pol\u00edticas p\u00fablicas sobre la materia.<\/p>\n<p style=\"text-align: justify;\">Inicialmente este organismo tendr\u00e1 una funci\u00f3n esencialmente distribuidora, pero progresivamente ir\u00e1 adquiriendo una naturaleza adicional transformadora y creadora.<\/p>\n<p style=\"text-align: justify;\">Para lograr estos objetivos, se toma como modelo la Red Iberoamericana de Escuelas Judiciales (RIAEJ), compartiendo sus presupuestos que a continuaci\u00f3n se describen:<\/p>\n<p style=\"text-align: justify;\">[list][item icon=&#8221;fa-check&#8221;][\/item]Ser un medio para la difusi\u00f3n e intercambio de informaci\u00f3n peri\u00f3dicamente actualizado sobre: marco legal, ubicaci\u00f3n institucional, etc.[\/list]<\/p>\n<p style=\"text-align: justify;\">[list][item icon=&#8221;fa-check&#8221; ][\/item]Propiciar asesor\u00edas para los miembros que la requieren.[\/list]<\/p>\n<p style=\"text-align: justify;\">[list][item icon=&#8221;fa-check&#8221; ][\/item]Propiciar la cooperaci\u00f3n rec\u00edproca entre sus miembros.[\/list]<\/p>\n<p style=\"text-align: justify;\">[list][item icon=&#8221;fa-check&#8221; ][\/item]Facilitar la transferencia tecnol\u00f3gica.[\/list]<\/p>\n<p style=\"text-align: justify;\">[list][item icon=&#8221;fa-check&#8221; ][\/item]Realizar actividades de formaci\u00f3n de formadores.[\/list]<\/p>\n<p style=\"text-align: justify;\">[list][item icon=&#8221;fa-check&#8221; ][\/item]Formular, programar y ejecutar programas de capacitaci\u00f3n.[\/list]<\/p>\n<p style=\"text-align: justify;\">La importancia de la creaci\u00f3n de un Instituto de Capacitaci\u00f3n Judicial de las Provincias Argentinas y de la Ciudad Aut\u00f3noma de Buenos Aires desde la Ju.Fe.Jus, afianzar\u00e1 la interacci\u00f3n entre las distintas provincias argentinas, actuando como soporte y aporte de todas ellas.<\/p>\n<p style=\"text-align: justify;\">El proyecto ha sido promovido por Jufejus con el apoyo de Eurosocial Justicia. Este programa, es una iniciativa de la Cooperaci\u00f3n T\u00e9cnica de la Comisi\u00f3n Europea que tiene como objetivo promover la cohesi\u00f3n social en las sociedades latinoamericanas.<\/p>\n","protected":false},"excerpt":{"rendered":"<p>La creaci\u00f3n de un Instituto que nuclea a las Escuelas Judiciales de las Provincias Argentinas y de la Ciudad Aut\u00f3noma de Buenos Aires, dentro del marco institucional de la Junta Federal de Cortes y Superiores Tribunales de Justicia de las Provincias Argentinas y de la Ciudad Aut\u00f3noma de Buenos Aires (JuFeJUs), permitir\u00e1 construir una estructura &hellip; <\/p>\n<p class=\"link-more\"><a href=\"https:\/\/www.reflejar.gob.ar\/?page_id=367\" class=\"more-link\">Segu\u00ed leyendo<span class=\"screen-reader-text\"> &#8220;Antecedentes Constitutivos&#8221;<\/span><\/a><\/p>\n","protected":false},"author":1,"featured_media":0,"parent":0,"menu_order":0,"comment_status":"closed","ping_status":"closed","template":"","meta":{"footnotes":""},"class_list":["post-367","page","type-page","status-publish","hentry"],"_links":{"self":[{"href":"https:\/\/www.reflejar.gob.ar\/index.php?rest_route=\/wp\/v2\/pages\/367","targetHints":{"allow":["GET"]}}],"collection":[{"href":"https:\/\/www.reflejar.gob.ar\/index.php?rest_route=\/wp\/v2\/pages"}],"about":[{"href":"https:\/\/www.reflejar.gob.ar\/index.php?rest_route=\/wp\/v2\/types\/page"}],"author":[{"embeddable":true,"href":"https:\/\/www.reflejar.gob.ar\/index.php?rest_route=\/wp\/v2\/users\/1"}],"replies":[{"embeddable":true,"href":"https:\/\/www.reflejar.gob.ar\/index.php?rest_route=%2Fwp%2Fv2%2Fcomments&post=367"}],"version-history":[{"count":0,"href":"https:\/\/www.reflejar.gob.ar\/index.php?rest_route=\/wp\/v2\/pages\/367\/revisions"}],"wp:attachment":[{"href":"https:\/\/www.reflejar.gob.ar\/index.php?rest_route=%2Fwp%2Fv2%2Fmedia&parent=367"}],"curies":[{"name":"wp","href":"https:\/\/api.w.org\/{rel}","templated":true}]}}