{"id":355,"date":"2016-03-31T15:41:19","date_gmt":"2016-03-31T15:41:19","guid":{"rendered":"http:\/\/desa_reflejar\/?page_id=355"},"modified":"2025-05-13T07:46:47","modified_gmt":"2025-05-13T10:46:47","slug":"miembros","status":"publish","type":"page","link":"https:\/\/www.reflejar.gob.ar\/?page_id=355","title":{"rendered":"Miembros"},"content":{"rendered":"\n<figure class=\"wp-block-image size-full is-resized\"><img loading=\"lazy\" decoding=\"async\" width=\"720\" height=\"720\" src=\"https:\/\/www.reflejar.gob.ar\/wp-content\/uploads\/2025\/05\/logo-REFLEJAR-sin-fondo.png\" alt=\"\" class=\"wp-image-10637\" style=\"width:221px;height:auto\" srcset=\"https:\/\/www.reflejar.gob.ar\/wp-content\/uploads\/2025\/05\/logo-REFLEJAR-sin-fondo.png 720w, https:\/\/www.reflejar.gob.ar\/wp-content\/uploads\/2025\/05\/logo-REFLEJAR-sin-fondo-300x300.png 300w, https:\/\/www.reflejar.gob.ar\/wp-content\/uploads\/2025\/05\/logo-REFLEJAR-sin-fondo-150x150.png 150w, https:\/\/www.reflejar.gob.ar\/wp-content\/uploads\/2025\/05\/logo-REFLEJAR-sin-fondo-100x100.png 100w\" sizes=\"auto, (max-width: 720px) 100vw, 720px\" \/><\/figure>\n\n\n\n<p>Acceda desde aqu\u00ed a los sitios oficiales de todas las escuelas judiciales miembro<\/p>\n\n\n\n<!--more-->\n\n\n\n<figure class=\"wp-block-table\"><table><tbody><tr><td>Provincia<\/td><td>Escuela y\/o Centro<\/td><td>&nbsp;<\/td><\/tr><tr><td rowspan=\"2\">Buenos Aires &nbsp;<\/td><td><strong>Instituto de Estudios Judiciales del Poder Judicial de la Provincia de Buenos Aires<\/strong><\/td><td><a href=\"https:\/\/www.scba.gov.ar\/instituto\/default.asp\">https:\/\/www.scba.gov.ar\/instituto\/default.asp<\/a> &nbsp;<\/td><\/tr><tr><td><strong>Escuela del Consejo de la Magistratura de la provincia de Buenos Aires<\/strong><strong><\/strong> <strong>(Escuela Adherente) <\/strong><strong><\/strong><\/td><td><a href=\"https:\/\/cmagistratura.gba.gov.ar\/\">https:\/\/cmagistratura.gba.gov.ar\/<\/a> &nbsp;<\/td><\/tr><tr><td>Catamarca<\/td><td><strong>Escuela de Capacitaci\u00f3n Judicial de Magistrados y Funcionarios<\/strong><strong><\/strong><\/td><td><a href=\"https:\/\/escuela.juscatamarca.gob.ar\/\">https:\/\/escuela.juscatamarca.gob.ar\/<\/a> &nbsp;<\/td><\/tr><tr><td>Ciudad Aut\u00f3noma de Buenos Aires<\/td><td><strong>Escuela de la Defensa P\u00fablica<\/strong> <strong>Ministerio P\u00fablico de la Defensa de la Naci\u00f3n<\/strong> <strong>(Escuela Adherente)<\/strong><\/td><td><a href=\"https:\/\/www.mpd.gov.ar\/index.php\/component\/content\/category\/29-escuela-de-la-defensa-publica?Itemid=101\">https:\/\/www.mpd.gov.ar\/index.php\/component\/content\/category\/29-escuela-de-la-defensa-publica?Itemid=101<\/a> &nbsp;<\/td><\/tr><tr><td>Ciudad Aut\u00f3noma de Buenos Aires<\/td><td><strong>Centro de Formaci\u00f3n Judicial de Ciudad Aut\u00f3noma de Buenos Aires<\/strong><strong><\/strong><\/td><td><a href=\"https:\/\/www.cfj.gov.ar\/\">https:\/\/www.cfj.gov.ar\/<\/a> &nbsp;<\/td><\/tr><tr><td>C\u00f3rdoba<\/td><td><strong>Centro de Perfeccionamiento Ricardo N\u00fa\u00f1ez del Poder Judicial de C\u00f3rdoba<\/strong><strong><\/strong><\/td><td><a href=\"https:\/\/escuelajudicial.justiciacordoba.gob.ar\/\">https:\/\/escuelajudicial.justiciacordoba.gob.ar\/<\/a> &nbsp;<\/td><\/tr><tr><td>Corrientes<\/td><td><strong>\u00c1rea de Capacitaci\u00f3n del Poder Judicial de Corrientes<\/strong><strong><\/strong><\/td><td><a href=\"https:\/\/www.juscorrientes.gov.ar\/seccion\/area-de-capacitacion\/\">https:\/\/www.juscorrientes.gov.ar\/seccion\/area-de-capacitacion\/<\/a> &nbsp;<\/td><\/tr><tr><td>Chaco<\/td><td><strong>Centro de Estudios Judiciales del Chaco<\/strong><strong><\/strong><\/td><td><a href=\"https:\/\/www.justiciachaco.gov.ar\/index.php?action=cej\">https:\/\/www.justiciachaco.gov.ar\/index.php?action=cej<\/a> &nbsp;<\/td><\/tr><tr><td>Chubut<\/td><td><strong>Escuela de Capacitaci\u00f3n Judicial de la Provincia de Chubut<\/strong><strong><\/strong><\/td><td><a href=\"https:\/\/www.juschubut.gov.ar\/index.php\/escuela-de-capacitacion\">https:\/\/www.juschubut.gov.ar\/index.php\/escuela-de-capacitacion<\/a> &nbsp;<\/td><\/tr><tr><td>Entre R\u00edos<\/td><td><strong>Instituto de Formaci\u00f3n y Perfeccionamiento Judicial de la Provincia de E.R. Dr. Juan B. Alberdi<\/strong><strong><\/strong><\/td><td><a href=\"https:\/\/institutoalberdi.jusentrerios.gov.ar\/\">https:\/\/institutoalberdi.jusentrerios.gov.ar\/<\/a> &nbsp;<\/td><\/tr><tr><td>Formosa<\/td><td><strong>Centro de Capacitaci\u00f3n Judicial <\/strong><strong><\/strong><\/td><td><a href=\"https:\/\/aula.jusformosa.gob.ar\/\">https:\/\/aula.jusformosa.gob.ar\/<\/a> &nbsp;<\/td><\/tr><tr><td>Jujuy<\/td><td><strong>Escuela de Capacitaci\u00f3n para Magistrados, Funcionarios y Empleados del Poder Judicial de la Pcia. De Jujuy Dr. Guillemo Snopek<\/strong><strong><\/strong><\/td><td><a href=\"https:\/\/capacitacion.justiciajujuy.gov.ar\/\">https:\/\/capacitacion.justiciajujuy.gov.ar\/<\/a> &nbsp;<\/td><\/tr><tr><td>&nbsp;<\/td><td><strong>Escuela de Capacitaci\u00f3n del Ministerio P\u00fablico<\/strong><strong><\/strong> <strong>de la Acusaci\u00f3n de la provincia de Jujuy<\/strong><strong><\/strong> (escuela adherente)<\/td><td><a href=\"https:\/\/capacitacion.mpajujuy.gob.ar\/\">https:\/\/capacitacion.mpajujuy.gob.ar\/<\/a> &nbsp;<\/td><\/tr><tr><td>La Pampa<\/td><td><strong>Centro de Capacitaci\u00f3n Judicial<\/strong><strong><\/strong><\/td><td><a href=\"https:\/\/capacitacion.justicialapampa.gob.ar\/\">https:\/\/capacitacion.justicialapampa.gob.ar\/<\/a> &nbsp;<\/td><\/tr><tr><td>La Rioja<\/td><td><strong>Escuela de Capacitaci\u00f3n Judicial &#8220;Joaqu\u00edn V. Gonz\u00e1lez<\/strong>&#8220;<\/td><td><a href=\"https:\/\/justicialarioja.gob.ar\/index.php\/features\/escuela-d-e-capacitacion\">https:\/\/justicialarioja.gob.ar\/index.php\/features\/escuela-d-e-capacitacion<\/a> &nbsp;<\/td><\/tr><tr><td rowspan=\"2\">Mendoza<\/td><td><strong>Centro de Capacitaci\u00f3n e Investigaciones Judiciales Dr. Manuela A. S\u00e1ez<\/strong><strong><\/strong><\/td><td><a href=\"https:\/\/jusmendoza.gob.ar\/capacitacion-judicial\/\">https:\/\/jusmendoza.gob.ar\/capacitacion-judicial\/<\/a> &nbsp;<\/td><\/tr><tr><td><strong>Direcci\u00f3n de Perfeccionamiento y modernizaci\u00f3n del MPF.<\/strong><strong><\/strong> (Escuela Adherente)<strong><\/strong><\/td><td><a href=\"https:\/\/mpfmza.jus.mendoza.gov.ar\/capacitacion\/\">https:\/\/mpfmza.jus.mendoza.gov.ar\/capacitacion\/<\/a> &nbsp;<\/td><\/tr><tr><td>Misiones<\/td><td><strong>Centro de Capacitaci\u00f3n y Gesti\u00f3n Judicial Dr. Mario Dei Castelli<\/strong><strong><\/strong><\/td><td><a href=\"https:\/\/capacitacion.jusmisiones.gov.ar\/\">https:\/\/capacitacion.jusmisiones.gov.ar\/<\/a><\/td><\/tr><tr><td>Neuqu\u00e9n<\/td><td><strong>Escuela de Capacitaci\u00f3n del Poder Judicial de Neuqu\u00e9n<\/strong><strong><\/strong><\/td><td><a href=\"http:\/\/ecnqn.jusneuquen.gov.ar\/\">http:\/\/ecnqn.jusneuquen.gov.ar\/<\/a> &nbsp;<\/td><\/tr><tr><td>R\u00edo Negro<\/td><td><strong>Escuela de Capacitaci\u00f3n Judicial de R\u00edo Negro<\/strong><strong><\/strong><\/td><td><a href=\"https:\/\/escuelajudicial.jusrionegro.gov.ar\/\">https:\/\/escuelajudicial.jusrionegro.gov.ar\/<\/a> &nbsp;<\/td><\/tr><tr><td>Salta<\/td><td><strong>Escuela de la Magistratura de Salta<\/strong><\/td><td><a href=\"https:\/\/www.escuelamagistratura.gov.ar\/\">https:\/\/www.escuelamagistratura.gov.ar\/<\/a> &nbsp;<\/td><\/tr><tr><td>San Juan<\/td><td><strong>Escuela Judicial<\/strong><\/td><td><a href=\"https:\/\/www.jussanjuan.gov.ar\/escuela-judicial\/\">https:\/\/www.jussanjuan.gov.ar\/escuela-judicial\/<\/a> &nbsp;<\/td><\/tr><tr><td>San Luis<\/td><td><strong>Escuela de Especializaci\u00f3n para la Magistratura y Funci\u00f3n Judicial del Poder Judicial de la Provincia de San Luis<\/strong><strong><\/strong><\/td><td><a href=\"https:\/\/www.justiciasanluis.gov.ar\/?page_id=66324\">https:\/\/www.justiciasanluis.gov.ar\/?page_id=66324<\/a> &nbsp;<\/td><\/tr><tr><td rowspan=\"2\">Santa Fe<\/td><td><strong>Centro de Capacitaci\u00f3n Judicial<\/strong><strong><\/strong> &nbsp;<\/td><td><a href=\"https:\/\/www.justiciasantafe.gov.ar\/index.php\/poder-judicial\/institucional\/centro-de-capacitacion-judicial\/\">https:\/\/www.justiciasantafe.gov.ar\/index.php\/poder-judicial\/institucional\/centro-de-capacitacion-judicial\/<\/a> &nbsp;<\/td><\/tr><tr><td><strong>Instituto de Capacitaci\u00f3n de la Defensa P\u00fablica de la Pcia. de Santa Fe.<\/strong><strong><\/strong> (Escuela Adherente)<\/td><td><a href=\"https:\/\/plataformaic.defensasantafe.gob.ar\/\">https:\/\/plataformaic.defensasantafe.gob.ar\/<\/a> &nbsp;<\/td><\/tr><tr><td>Santa Cruz<\/td><td><strong>Escuela de Capacitaci\u00f3n y Perfeccionamiento Judicial<\/strong><strong><\/strong><\/td><td><a href=\"https:\/\/www.jussantacruz.gob.ar\/escuela\/\">https:\/\/www.jussantacruz.gob.ar\/escuela\/<\/a> &nbsp;<\/td><\/tr><tr><td>Santiago. Del Estero<\/td><td><strong>Centro \u00fanico de capacitaci\u00f3n para Magistrados, Funcionarios y Empleados del Poder Judicial de Sgo. Del Estero \u201cDr. Jos\u00e9 Benjam\u00edn Gorostiaga\u201d<\/strong><strong><\/strong><\/td><td><a href=\"https:\/\/www.jussantiago.gov.ar\/jusnueva\/centrounico\/institucional.php\">https:\/\/www.jussantiago.gov.ar\/jusnueva\/centrounico\/institucional.php<\/a> &nbsp;<\/td><\/tr><tr><td>Tierra del Fuego<\/td><td><strong>Escuela Judicial Mar\u00eda Ang\u00e9lica Barreda<\/strong><strong><\/strong><\/td><td><a href=\"https:\/\/www.justierradelfuego.gov.ar\/escuela-judicial1\/\">https:\/\/www.justierradelfuego.gov.ar\/escuela-judicial1\/<\/a> &nbsp;<\/td><\/tr><tr><td rowspan=\"2\">Tucum\u00e1n<\/td><td><strong>Centro de Especializaci\u00f3n y Capacitaci\u00f3n Judicial<\/strong><strong><\/strong> &nbsp;<\/td><td><a href=\"https:\/\/www2.justucuman.gov.ar\/cecj\/\">https:\/\/www2.justucuman.gov.ar\/cecj\/<\/a> &nbsp;<\/td><\/tr><tr><td><strong>Escuela Judicial del Consejo Asesor de la Magistratura de Tucum\u00e1n<\/strong><\/td><td><a href=\"https:\/\/escuelacamtucuman.gob.ar\/\">https:\/\/escuelacamtucuman.gob.ar\/<\/a> &nbsp;<\/td><\/tr><\/tbody><\/table><\/figure>\n","protected":false},"excerpt":{"rendered":"<p>Acceda desde aqu\u00ed a los sitios oficiales de todas las escuelas judiciales miembro<\/p>\n","protected":false},"author":1,"featured_media":0,"parent":0,"menu_order":0,"comment_status":"closed","ping_status":"closed","template":"","meta":{"footnotes":""},"class_list":["post-355","page","type-page","status-publish","hentry"],"_links":{"self":[{"href":"https:\/\/www.reflejar.gob.ar\/index.php?rest_route=\/wp\/v2\/pages\/355","targetHints":{"allow":["GET"]}}],"collection":[{"href":"https:\/\/www.reflejar.gob.ar\/index.php?rest_route=\/wp\/v2\/pages"}],"about":[{"href":"https:\/\/www.reflejar.gob.ar\/index.php?rest_route=\/wp\/v2\/types\/page"}],"author":[{"embeddable":true,"href":"https:\/\/www.reflejar.gob.ar\/index.php?rest_route=\/wp\/v2\/users\/1"}],"replies":[{"embeddable":true,"href":"https:\/\/www.reflejar.gob.ar\/index.php?rest_route=%2Fwp%2Fv2%2Fcomments&post=355"}],"version-history":[{"count":0,"href":"https:\/\/www.reflejar.gob.ar\/index.php?rest_route=\/wp\/v2\/pages\/355\/revisions"}],"wp:attachment":[{"href":"https:\/\/www.reflejar.gob.ar\/index.php?rest_route=%2Fwp%2Fv2%2Fmedia&parent=355"}],"curies":[{"name":"wp","href":"https:\/\/api.w.org\/{rel}","templated":true}]}}