{"id":353,"date":"2016-03-31T15:40:50","date_gmt":"2016-03-31T15:40:50","guid":{"rendered":"http:\/\/desa_reflejar\/?page_id=353"},"modified":"2025-10-14T13:11:06","modified_gmt":"2025-10-14T16:11:06","slug":"quienes-somos","status":"publish","type":"page","link":"https:\/\/www.reflejar.gob.ar\/","title":{"rendered":"Qui\u00e9nes Somos"},"content":{"rendered":"<p style=\"text-align: justify;\">La Junta Federal de Cortes y Superiores Tribunales de Justicia de las Provincias Argentinas y Ciudad Aut\u00f3noma de Buenos Aires (JU.FE.JUS.), en pos de cumplir con los objetivos que dieron origen a su constituci\u00f3n, ha bregado desde siempre por resaltar el rol de los Poderes Judiciales en el dise\u00f1o de pol\u00edticas institucionales comprometidas con el sistema democr\u00e1tico.<\/p>\n<p style=\"text-align: justify;\">Con ese esp\u00edritu, se ha promovido la capacitaci\u00f3n continua de todos los integrantes de los Poderes Judiciales Provinciales, y para ello se ha impulsado decididamente la creaci\u00f3n de escuelas y centros de capacitaci\u00f3n judiciales, comprometidos con su desarrollo y fortalecimiento.<\/p>\n<p style=\"text-align: justify;\">En la b\u00fasqueda de una nueva visi\u00f3n superadora y exitosa, a principios de 2008, se proyect\u00f3 la creaci\u00f3n de una Red que permitiera construir una estrecha v\u00eda de colaboraci\u00f3n y comunicaci\u00f3n entre las escuelas y centros de capacitaci\u00f3n de las veintitr\u00e9s provincias y de la Ciudad Aut\u00f3noma de Buenos Aires.<\/p>\n<p style=\"text-align: justify;\">Para cumplir sus objetivos, REFLEJAR \u2013nombre adoptado en esa ocasi\u00f3n- nace en el seno de la JU.FE.JUS., pero con independencia funcional, luego de Instituto de Capacitaci\u00f3n Judicial de las Provincias Argentinas y Ciudad Aut\u00f3noma de Buenos Aires la incorporaci\u00f3n y adhesi\u00f3n de las Cortes Provinciales, aprob\u00e1ndose el Reglamento de Reflejar.<\/p>\n<p style=\"text-align: justify;\">El d\u00eda 5 de diciembre de 2008, en la sede de la Junta Federal de Cortes y Superiores Tribunales de Justicia de las Provincias Argentinas, se constituy\u00f3 la primera Asamblea General de Reflejar. A partir de all\u00ed, la Red se convirti\u00f3 en un valioso espacio para la reflexi\u00f3n jur\u00eddica, el intercambio de experiencias, el fortalecimiento de la educaci\u00f3n judicial y el desarrollo de acciones comunes para contribuir a la independencia judicial y a la cohesi\u00f3n social desde el \u00e1mbito de la administraci\u00f3n de justicia, con una incidencia positiva clara y directa en las pol\u00edticas p\u00fablicas sobre la materia.<\/p>\n","protected":false},"excerpt":{"rendered":"<p>La Junta Federal de Cortes y Superiores Tribunales de Justicia de las Provincias Argentinas y Ciudad Aut\u00f3noma de Buenos Aires (JU.FE.JUS.), en pos de cumplir con los objetivos que dieron origen a su constituci\u00f3n, ha bregado desde siempre por resaltar el rol de los Poderes Judiciales en el dise\u00f1o de pol\u00edticas institucionales comprometidas con el &hellip; <\/p>\n<p class=\"link-more\"><a href=\"https:\/\/www.reflejar.gob.ar\/\" class=\"more-link\">Segu\u00ed leyendo<span class=\"screen-reader-text\"> &#8220;Qui\u00e9nes Somos&#8221;<\/span><\/a><\/p>\n","protected":false},"author":1,"featured_media":0,"parent":0,"menu_order":0,"comment_status":"closed","ping_status":"closed","template":"","meta":{"footnotes":""},"class_list":["post-353","page","type-page","status-publish","hentry"],"_links":{"self":[{"href":"https:\/\/www.reflejar.gob.ar\/index.php?rest_route=\/wp\/v2\/pages\/353","targetHints":{"allow":["GET"]}}],"collection":[{"href":"https:\/\/www.reflejar.gob.ar\/index.php?rest_route=\/wp\/v2\/pages"}],"about":[{"href":"https:\/\/www.reflejar.gob.ar\/index.php?rest_route=\/wp\/v2\/types\/page"}],"author":[{"embeddable":true,"href":"https:\/\/www.reflejar.gob.ar\/index.php?rest_route=\/wp\/v2\/users\/1"}],"replies":[{"embeddable":true,"href":"https:\/\/www.reflejar.gob.ar\/index.php?rest_route=%2Fwp%2Fv2%2Fcomments&post=353"}],"version-history":[{"count":0,"href":"https:\/\/www.reflejar.gob.ar\/index.php?rest_route=\/wp\/v2\/pages\/353\/revisions"}],"wp:attachment":[{"href":"https:\/\/www.reflejar.gob.ar\/index.php?rest_route=%2Fwp%2Fv2%2Fmedia&parent=353"}],"curies":[{"name":"wp","href":"https:\/\/api.w.org\/{rel}","templated":true}]}}