{"id":2295,"date":"2018-09-26T16:30:40","date_gmt":"2018-09-26T16:30:40","guid":{"rendered":"http:\/\/www.reflejar.gob.ar\/?page_id=2295"},"modified":"2025-05-30T13:19:44","modified_gmt":"2025-05-30T16:19:44","slug":"actividades","status":"publish","type":"page","link":"https:\/\/www.reflejar.gob.ar\/?page_id=2295","title":{"rendered":"Red Iberoamericana de Escuelas Judiciales &#8211; RIAEJ"},"content":{"rendered":"\n<p>Encuentre aqu\u00ed las actividades co.organizadas con la RIAEJ y\/ o con alguna\/s de sus Escuelas Miembro<\/p>\n\n\n\n<figure class=\"wp-block-embed is-type-wp-embed is-provider-reflejar wp-block-embed-reflejar\"><div class=\"wp-block-embed__wrapper\">\n<blockquote class=\"wp-embedded-content\" data-secret=\"0848QIvGVF\"><a href=\"https:\/\/www.reflejar.gob.ar\/2025\/05\/30\/acceda-al-video-del-2-encuentro-del-ciclo-el-impacto-de-nuevas-formas-de-violencias-en-la-ninez-y-adolescencia-una-mirada-transversal\/\">Acceda al video del 2\u00b0 Encuentro del Ciclo: El impacto de nuevas formas de violencias en la ni\u00f1ez y adolescencia. Una mirada transversal.<\/a><\/blockquote><iframe loading=\"lazy\" class=\"wp-embedded-content\" sandbox=\"allow-scripts\" security=\"restricted\" style=\"position: absolute; visibility: hidden;\" title=\"&#8220;Acceda al video del 2\u00b0 Encuentro del Ciclo: El impacto de nuevas formas de violencias en la ni\u00f1ez y adolescencia. Una mirada transversal.&#8221; &#8212; Reflejar\" src=\"https:\/\/www.reflejar.gob.ar\/2025\/05\/30\/acceda-al-video-del-2-encuentro-del-ciclo-el-impacto-de-nuevas-formas-de-violencias-en-la-ninez-y-adolescencia-una-mirada-transversal\/embed\/#?secret=1XMI1ZQd10#?secret=0848QIvGVF\" data-secret=\"0848QIvGVF\" width=\"525\" height=\"296\" frameborder=\"0\" marginwidth=\"0\" marginheight=\"0\" scrolling=\"no\"><\/iframe>\n<\/div><\/figure>\n\n\n\n<p><\/p>\n\n\n\n<figure class=\"wp-block-embed is-type-wp-embed is-provider-reflejar wp-block-embed-reflejar\"><div class=\"wp-block-embed__wrapper\">\n<blockquote class=\"wp-embedded-content\" data-secret=\"BpPkLpu4vo\"><a href=\"https:\/\/www.reflejar.gob.ar\/2025\/05\/05\/2o-encuentro-del-ciclo-el-impacto-de-nuevas-formas-de-violencia-en-la-ninez-y-adolescencia-una-mirada-transversal-enfoque-medico-y-social\/\">2\u00ba Encuentro del Ciclo &#8220;El impacto de nuevas formas de violencia en la ni\u00f1ez y adolescencia. Una mirada transversal&#8221;: Enfoque m\u00e9dico y social.<\/a><\/blockquote><iframe loading=\"lazy\" class=\"wp-embedded-content\" sandbox=\"allow-scripts\" security=\"restricted\" style=\"position: absolute; visibility: hidden;\" title=\"&#8220;2\u00ba Encuentro del Ciclo &#8220;El impacto de nuevas formas de violencia en la ni\u00f1ez y adolescencia. Una mirada transversal&#8221;: Enfoque m\u00e9dico y social.&#8221; &#8212; Reflejar\" src=\"https:\/\/www.reflejar.gob.ar\/2025\/05\/05\/2o-encuentro-del-ciclo-el-impacto-de-nuevas-formas-de-violencia-en-la-ninez-y-adolescencia-una-mirada-transversal-enfoque-medico-y-social\/embed\/#?secret=eHrwv2aFxC#?secret=BpPkLpu4vo\" data-secret=\"BpPkLpu4vo\" width=\"525\" height=\"296\" frameborder=\"0\" marginwidth=\"0\" marginheight=\"0\" scrolling=\"no\"><\/iframe>\n<\/div><\/figure>\n\n\n\n<figure class=\"wp-block-embed is-type-wp-embed is-provider-reflejar wp-block-embed-reflejar\"><div class=\"wp-block-embed__wrapper\">\n<blockquote class=\"wp-embedded-content\" data-secret=\"FX5xFxlDUI\"><a href=\"https:\/\/www.reflejar.gob.ar\/2024\/04\/24\/culmino-el-ciclo-de-formacion-de-habilidades-socioemocionales-riaej-ceju-reflejar\/\">Culmin\u00f3 el Ciclo de Formaci\u00f3n de habilidades socioemocionales &#8211; RIAEJ\/CEJU\/REFLEJAR<\/a><\/blockquote><iframe loading=\"lazy\" class=\"wp-embedded-content\" sandbox=\"allow-scripts\" security=\"restricted\" style=\"position: absolute; visibility: hidden;\" title=\"&#8220;Culmin\u00f3 el Ciclo de Formaci\u00f3n de habilidades socioemocionales &#8211; RIAEJ\/CEJU\/REFLEJAR&#8221; &#8212; Reflejar\" src=\"https:\/\/www.reflejar.gob.ar\/2024\/04\/24\/culmino-el-ciclo-de-formacion-de-habilidades-socioemocionales-riaej-ceju-reflejar\/embed\/#?secret=d132zk6BMz#?secret=FX5xFxlDUI\" data-secret=\"FX5xFxlDUI\" width=\"525\" height=\"296\" frameborder=\"0\" marginwidth=\"0\" marginheight=\"0\" scrolling=\"no\"><\/iframe>\n<\/div><\/figure>\n\n\n\n<figure class=\"wp-block-embed is-type-wp-embed is-provider-reflejar wp-block-embed-reflejar\"><div class=\"wp-block-embed__wrapper\">\n<blockquote class=\"wp-embedded-content\" data-secret=\"vMNmqPieXo\"><a href=\"https:\/\/www.reflejar.gob.ar\/2024\/04\/04\/riaej-ceju-y-reflejar-jufejus-invitan-3-encuentro-del-ciclo-de-formacion-en-habilidades-socioemocionales\/\">RIAEJ, CEJU y REFLEJAR\/JUFEJUS invitan: 3\u00b0 Encuentro del Ciclo de Formaci\u00f3n en habilidades socioemocionales<\/a><\/blockquote><iframe loading=\"lazy\" class=\"wp-embedded-content\" sandbox=\"allow-scripts\" security=\"restricted\" style=\"position: absolute; visibility: hidden;\" title=\"&#8220;RIAEJ, CEJU y REFLEJAR\/JUFEJUS invitan: 3\u00b0 Encuentro del Ciclo de Formaci\u00f3n en habilidades socioemocionales&#8221; &#8212; Reflejar\" src=\"https:\/\/www.reflejar.gob.ar\/2024\/04\/04\/riaej-ceju-y-reflejar-jufejus-invitan-3-encuentro-del-ciclo-de-formacion-en-habilidades-socioemocionales\/embed\/#?secret=UbQbuvyzNo#?secret=vMNmqPieXo\" data-secret=\"vMNmqPieXo\" width=\"525\" height=\"296\" frameborder=\"0\" marginwidth=\"0\" marginheight=\"0\" scrolling=\"no\"><\/iframe>\n<\/div><\/figure>\n\n\n\n<figure class=\"wp-block-embed is-type-wp-embed is-provider-reflejar wp-block-embed-reflejar\"><div class=\"wp-block-embed__wrapper\">\n<blockquote class=\"wp-embedded-content\" data-secret=\"GKfCSSVMMN\"><a href=\"https:\/\/www.reflejar.gob.ar\/2023\/11\/06\/riaej-ceju-y-reflejar-jufejus-invitan-2do-encuentro-del-ciclo-de-formacion-en-habilidades-socioemocionales\/\">RIAEJ, CEJU y REFLEJAR\/JUFEJUS invitan: 2do Encuentro del Ciclo de Formaci\u00f3n en habilidades socioemocionales<\/a><\/blockquote><iframe loading=\"lazy\" class=\"wp-embedded-content\" sandbox=\"allow-scripts\" security=\"restricted\" style=\"position: absolute; visibility: hidden;\" title=\"&#8220;RIAEJ, CEJU y REFLEJAR\/JUFEJUS invitan: 2do Encuentro del Ciclo de Formaci\u00f3n en habilidades socioemocionales&#8221; &#8212; Reflejar\" src=\"https:\/\/www.reflejar.gob.ar\/2023\/11\/06\/riaej-ceju-y-reflejar-jufejus-invitan-2do-encuentro-del-ciclo-de-formacion-en-habilidades-socioemocionales\/embed\/#?secret=GAjOkPDhmU#?secret=GKfCSSVMMN\" data-secret=\"GKfCSSVMMN\" width=\"525\" height=\"296\" frameborder=\"0\" marginwidth=\"0\" marginheight=\"0\" scrolling=\"no\"><\/iframe>\n<\/div><\/figure>\n\n\n\n<figure class=\"wp-block-embed is-type-wp-embed is-provider-reflejar wp-block-embed-reflejar\"><div class=\"wp-block-embed__wrapper\">\n<blockquote class=\"wp-embedded-content\" data-secret=\"69HzCTv2gv\"><a href=\"https:\/\/www.reflejar.gob.ar\/2023\/06\/28\/reflejar-jufejus-participa-presencialmente-en-el-curso-los-nuevos-retos-de-la-formacion-judicial-organizado-por-riaej\/\">REFLEJAR\/JUFEJUS participa en el Encuentro &#8220;Los nuevos retos de la formaci\u00f3n Judicial&#8221;, en ocasi\u00f3n del 20\u00b0 Aniversario de RIAEJ<\/a><\/blockquote><iframe loading=\"lazy\" class=\"wp-embedded-content\" sandbox=\"allow-scripts\" security=\"restricted\" style=\"position: absolute; visibility: hidden;\" title=\"&#8220;REFLEJAR\/JUFEJUS participa en el Encuentro &#8220;Los nuevos retos de la formaci\u00f3n Judicial&#8221;, en ocasi\u00f3n del 20\u00b0 Aniversario de RIAEJ&#8221; &#8212; Reflejar\" src=\"https:\/\/www.reflejar.gob.ar\/2023\/06\/28\/reflejar-jufejus-participa-presencialmente-en-el-curso-los-nuevos-retos-de-la-formacion-judicial-organizado-por-riaej\/embed\/#?secret=MCkje6tnlS#?secret=69HzCTv2gv\" data-secret=\"69HzCTv2gv\" width=\"525\" height=\"296\" frameborder=\"0\" marginwidth=\"0\" marginheight=\"0\" scrolling=\"no\"><\/iframe>\n<\/div><\/figure>\n\n\n\n<figure class=\"wp-block-embed is-type-wp-embed is-provider-reflejar wp-block-embed-reflejar\"><div class=\"wp-block-embed__wrapper\">\n<blockquote class=\"wp-embedded-content\" data-secret=\"IQVgK9Flzs\"><a href=\"https:\/\/www.reflejar.gob.ar\/2022\/11\/16\/actividad-de-la-riaej-justicia-juvenil-penal-la-responsabilidad-del-menor-infractor\/\">RIAEJ: \u201cJUSTICIA JUVENIL PENAL: LA RESPONSABILIDAD DEL MENOR INFRACTOR\u201d<\/a><\/blockquote><iframe loading=\"lazy\" class=\"wp-embedded-content\" sandbox=\"allow-scripts\" security=\"restricted\" style=\"position: absolute; visibility: hidden;\" title=\"&#8220;RIAEJ: \u201cJUSTICIA JUVENIL PENAL: LA RESPONSABILIDAD DEL MENOR INFRACTOR\u201d&#8221; &#8212; Reflejar\" src=\"https:\/\/www.reflejar.gob.ar\/2022\/11\/16\/actividad-de-la-riaej-justicia-juvenil-penal-la-responsabilidad-del-menor-infractor\/embed\/#?secret=ZyYbJaRNKS#?secret=IQVgK9Flzs\" data-secret=\"IQVgK9Flzs\" width=\"525\" height=\"296\" frameborder=\"0\" marginwidth=\"0\" marginheight=\"0\" scrolling=\"no\"><\/iframe>\n<\/div><\/figure>\n\n\n\n<figure class=\"wp-block-embed is-type-wp-embed is-provider-reflejar wp-block-embed-reflejar\"><div class=\"wp-block-embed__wrapper\">\n<blockquote class=\"wp-embedded-content\" data-secret=\"Ckk6OVowy6\"><a href=\"https:\/\/www.reflejar.gob.ar\/2022\/11\/08\/riaej-eje-ninez-y-adolescencia-video-disertacion-de-la-dra-clara-carulla-terricabras\/\">RIAEJ: Eje Ni\u00f1ez y Adolescencia &#8211; Video Disertaci\u00f3n de la Dra. Clara Carulla Terricabras<\/a><\/blockquote><iframe loading=\"lazy\" class=\"wp-embedded-content\" sandbox=\"allow-scripts\" security=\"restricted\" style=\"position: absolute; visibility: hidden;\" title=\"&#8220;RIAEJ: Eje Ni\u00f1ez y Adolescencia &#8211; Video Disertaci\u00f3n de la Dra. Clara Carulla Terricabras&#8221; &#8212; Reflejar\" src=\"https:\/\/www.reflejar.gob.ar\/2022\/11\/08\/riaej-eje-ninez-y-adolescencia-video-disertacion-de-la-dra-clara-carulla-terricabras\/embed\/#?secret=dI5cjzw5Xl#?secret=Ckk6OVowy6\" data-secret=\"Ckk6OVowy6\" width=\"525\" height=\"296\" frameborder=\"0\" marginwidth=\"0\" marginheight=\"0\" scrolling=\"no\"><\/iframe>\n<\/div><\/figure>\n\n\n\n<figure class=\"wp-block-embed is-type-wp-embed is-provider-reflejar wp-block-embed-reflejar\"><div class=\"wp-block-embed__wrapper\">\n<blockquote class=\"wp-embedded-content\" data-secret=\"FEJ26JybCk\"><a href=\"https:\/\/www.reflejar.gob.ar\/2022\/10\/28\/reflejar-otro-aporte-al-eje-ninez-y-adolescencia-de-la-riaej-junto-al-ceju-y-la-escual-judicial-de-espana\/\">REFLEJAR: otro aporte al Eje Ni\u00f1ez y Adolescencia, de la RIAEJ, junto al CEJU y la Escual Judicial de Espa\u00f1a<\/a><\/blockquote><iframe loading=\"lazy\" class=\"wp-embedded-content\" sandbox=\"allow-scripts\" security=\"restricted\" style=\"position: absolute; visibility: hidden;\" title=\"&#8220;REFLEJAR: otro aporte al Eje Ni\u00f1ez y Adolescencia, de la RIAEJ, junto al CEJU y la Escual Judicial de Espa\u00f1a&#8221; &#8212; Reflejar\" src=\"https:\/\/www.reflejar.gob.ar\/2022\/10\/28\/reflejar-otro-aporte-al-eje-ninez-y-adolescencia-de-la-riaej-junto-al-ceju-y-la-escual-judicial-de-espana\/embed\/#?secret=UxuORWnGYz#?secret=FEJ26JybCk\" data-secret=\"FEJ26JybCk\" width=\"525\" height=\"296\" frameborder=\"0\" marginwidth=\"0\" marginheight=\"0\" scrolling=\"no\"><\/iframe>\n<\/div><\/figure>\n\n\n\n<figure class=\"wp-block-embed is-type-wp-embed is-provider-reflejar wp-block-embed-reflejar\"><div class=\"wp-block-embed__wrapper\">\n<blockquote class=\"wp-embedded-content\" data-secret=\"sHvrQEJcqA\"><a href=\"https:\/\/www.reflejar.gob.ar\/2022\/10\/24\/participacion-de-reflejar-en-la-conferencia-magistral-del-dr-ricardo-perez-manrique-juez-de-la-corte-interamericana-de-derechos-humanos-organizado-por-riaej-ceju-y-reflejar\/\">PARTICIPACI\u00d3N DE REFLEJAR EN LA Conferencia Magistral del Dr. Ricardo P\u00e9rez Manrique \u2013 Juez de la Corte Interamericana de Derechos Humanos, organizado por RIAEJ, CEJU Y REFLEJAR<\/a><\/blockquote><iframe loading=\"lazy\" class=\"wp-embedded-content\" sandbox=\"allow-scripts\" security=\"restricted\" style=\"position: absolute; visibility: hidden;\" title=\"&#8220;PARTICIPACI\u00d3N DE REFLEJAR EN LA Conferencia Magistral del Dr. Ricardo P\u00e9rez Manrique \u2013 Juez de la Corte Interamericana de Derechos Humanos, organizado por RIAEJ, CEJU Y REFLEJAR&#8221; &#8212; Reflejar\" src=\"https:\/\/www.reflejar.gob.ar\/2022\/10\/24\/participacion-de-reflejar-en-la-conferencia-magistral-del-dr-ricardo-perez-manrique-juez-de-la-corte-interamericana-de-derechos-humanos-organizado-por-riaej-ceju-y-reflejar\/embed\/#?secret=OfGhEYUQGH#?secret=sHvrQEJcqA\" data-secret=\"sHvrQEJcqA\" width=\"525\" height=\"296\" frameborder=\"0\" marginwidth=\"0\" marginheight=\"0\" scrolling=\"no\"><\/iframe>\n<\/div><\/figure>\n\n\n\n<figure class=\"wp-block-embed is-type-wp-embed is-provider-reflejar wp-block-embed-reflejar\"><div class=\"wp-block-embed__wrapper\">\n<blockquote class=\"wp-embedded-content\" data-secret=\"Oe5tPrAWdw\"><a href=\"https:\/\/www.reflejar.gob.ar\/2022\/10\/04\/riaej-ceju-y-reflejar-invitan-a-la-siguiente-actividad-contenido-y-metodologia-en-la-formacion-penal-juvenil\/\">RIAEJ, CEJU y REFLEJAR invitan a la siguiente actividad: &#8220;Contenido y Metodolog\u00eda en la formaci\u00f3n penal juvenil&#8221;<\/a><\/blockquote><iframe loading=\"lazy\" class=\"wp-embedded-content\" sandbox=\"allow-scripts\" security=\"restricted\" style=\"position: absolute; visibility: hidden;\" title=\"&#8220;RIAEJ, CEJU y REFLEJAR invitan a la siguiente actividad: &#8220;Contenido y Metodolog\u00eda en la formaci\u00f3n penal juvenil&#8221;&#8221; &#8212; Reflejar\" src=\"https:\/\/www.reflejar.gob.ar\/2022\/10\/04\/riaej-ceju-y-reflejar-invitan-a-la-siguiente-actividad-contenido-y-metodologia-en-la-formacion-penal-juvenil\/embed\/#?secret=OKdn3SVeQ4#?secret=Oe5tPrAWdw\" data-secret=\"Oe5tPrAWdw\" width=\"525\" height=\"296\" frameborder=\"0\" marginwidth=\"0\" marginheight=\"0\" scrolling=\"no\"><\/iframe>\n<\/div><\/figure>\n\n\n\n<figure class=\"wp-block-embed is-type-wp-embed is-provider-reflejar wp-block-embed-reflejar\"><div class=\"wp-block-embed__wrapper\">\n<blockquote class=\"wp-embedded-content\" data-secret=\"6bwTvT1iRF\"><a href=\"https:\/\/www.reflejar.gob.ar\/2022\/07\/05\/reflejarjufejus-participa-del-encuentro-presencial-de-directores-de-la-riaej-en-barcelona-espana\/\">REFLEJAR\/JUFEJUS participa del Encuentro presencial de Directores de la RIAEJ en Barcelona, Espa\u00f1a.<\/a><\/blockquote><iframe loading=\"lazy\" class=\"wp-embedded-content\" sandbox=\"allow-scripts\" security=\"restricted\" style=\"position: absolute; visibility: hidden;\" title=\"&#8220;REFLEJAR\/JUFEJUS participa del Encuentro presencial de Directores de la RIAEJ en Barcelona, Espa\u00f1a.&#8221; &#8212; Reflejar\" src=\"https:\/\/www.reflejar.gob.ar\/2022\/07\/05\/reflejarjufejus-participa-del-encuentro-presencial-de-directores-de-la-riaej-en-barcelona-espana\/embed\/#?secret=FsgwxmCdGK#?secret=6bwTvT1iRF\" data-secret=\"6bwTvT1iRF\" width=\"525\" height=\"296\" frameborder=\"0\" marginwidth=\"0\" marginheight=\"0\" scrolling=\"no\"><\/iframe>\n<\/div><\/figure>\n\n\n\n<figure class=\"wp-block-embed is-type-wp-embed is-provider-reflejar wp-block-embed-reflejar\"><div class=\"wp-block-embed__wrapper\">\n<blockquote class=\"wp-embedded-content\" data-secret=\"ymuRzTIVbv\"><a href=\"https:\/\/www.reflejar.gob.ar\/2022\/06\/27\/disertaron-sobre-el-enfoque-restaurativo-en-los-sistemas-de-justicia-juvenil-organizado-por-riaej-reflejar-y-el-ceju\/\">Disertaron sobre \u201cEl enfoque restaurativo en los sistemas de justicia juvenil\u201d-  Organizado por RIAEJ, Reflejar y el CEJu<\/a><\/blockquote><iframe loading=\"lazy\" class=\"wp-embedded-content\" sandbox=\"allow-scripts\" security=\"restricted\" style=\"position: absolute; visibility: hidden;\" title=\"&#8220;Disertaron sobre \u201cEl enfoque restaurativo en los sistemas de justicia juvenil\u201d-  Organizado por RIAEJ, Reflejar y el CEJu&#8221; &#8212; Reflejar\" src=\"https:\/\/www.reflejar.gob.ar\/2022\/06\/27\/disertaron-sobre-el-enfoque-restaurativo-en-los-sistemas-de-justicia-juvenil-organizado-por-riaej-reflejar-y-el-ceju\/embed\/#?secret=r0lR0qjeR8#?secret=ymuRzTIVbv\" data-secret=\"ymuRzTIVbv\" width=\"525\" height=\"296\" frameborder=\"0\" marginwidth=\"0\" marginheight=\"0\" scrolling=\"no\"><\/iframe>\n<\/div><\/figure>\n\n\n\n<figure class=\"wp-block-embed is-type-wp-embed is-provider-reflejar wp-block-embed-reflejar\"><div class=\"wp-block-embed__wrapper\">\n<blockquote class=\"wp-embedded-content\" data-secret=\"Jw4HNpAJuY\"><a href=\"https:\/\/www.reflejar.gob.ar\/2022\/06\/13\/actividad-de-reflejar-en-la-riaej-desde-la-escuela-judicial-electoral-de-mexico-disertaron-sobre-la-proteccion-de-los-derechos-de-la-ninez-frente-a-la-exposicion-mediatica\/\">Actividad de Reflejar en la RIAEJ: Desde la Escuela Judicial Electoral de M\u00e9xico, disertaron sobre la protecci\u00f3n de los derechos de la ni\u00f1ez frente a la exposici\u00f3n medi\u00e1tica<\/a><\/blockquote><iframe loading=\"lazy\" class=\"wp-embedded-content\" sandbox=\"allow-scripts\" security=\"restricted\" style=\"position: absolute; visibility: hidden;\" title=\"&#8220;Actividad de Reflejar en la RIAEJ: Desde la Escuela Judicial Electoral de M\u00e9xico, disertaron sobre la protecci\u00f3n de los derechos de la ni\u00f1ez frente a la exposici\u00f3n medi\u00e1tica&#8221; &#8212; Reflejar\" src=\"https:\/\/www.reflejar.gob.ar\/2022\/06\/13\/actividad-de-reflejar-en-la-riaej-desde-la-escuela-judicial-electoral-de-mexico-disertaron-sobre-la-proteccion-de-los-derechos-de-la-ninez-frente-a-la-exposicion-mediatica\/embed\/#?secret=beIpSQoafG#?secret=Jw4HNpAJuY\" data-secret=\"Jw4HNpAJuY\" width=\"525\" height=\"296\" frameborder=\"0\" marginwidth=\"0\" marginheight=\"0\" scrolling=\"no\"><\/iframe>\n<\/div><\/figure>\n\n\n\n<figure class=\"wp-block-embed is-type-wp-embed is-provider-reflejar wp-block-embed-reflejar\"><div class=\"wp-block-embed__wrapper\">\n<blockquote class=\"wp-embedded-content\" data-secret=\"Y0ExsGcOta\"><a href=\"https:\/\/www.reflejar.gob.ar\/2022\/06\/10\/videoconferencia-el-enfoque-restaurativo-en-los-sistemas-de-justicia-juvenil-riaejcejureflejar\/\">\u00a0Videoconferencia: &#8220;EL ENFOQUE RESTAURATIVO EN LOS SISTEMAS DE JUSTICIA JUVENIL&#8221; &#8211; RIAEJ\/CEJU\/REFLEJAR<\/a><\/blockquote><iframe loading=\"lazy\" class=\"wp-embedded-content\" sandbox=\"allow-scripts\" security=\"restricted\" style=\"position: absolute; visibility: hidden;\" title=\"&#8220;\u00a0Videoconferencia: &#8220;EL ENFOQUE RESTAURATIVO EN LOS SISTEMAS DE JUSTICIA JUVENIL&#8221; &#8211; RIAEJ\/CEJU\/REFLEJAR&#8221; &#8212; Reflejar\" src=\"https:\/\/www.reflejar.gob.ar\/2022\/06\/10\/videoconferencia-el-enfoque-restaurativo-en-los-sistemas-de-justicia-juvenil-riaejcejureflejar\/embed\/#?secret=SvjWerKOz3#?secret=Y0ExsGcOta\" data-secret=\"Y0ExsGcOta\" width=\"525\" height=\"296\" frameborder=\"0\" marginwidth=\"0\" marginheight=\"0\" scrolling=\"no\"><\/iframe>\n<\/div><\/figure>\n\n\n\n<figure class=\"wp-block-embed is-type-wp-embed is-provider-reflejar wp-block-embed-reflejar\"><div class=\"wp-block-embed__wrapper\">\n<blockquote class=\"wp-embedded-content\" data-secret=\"GVX9g7sT0K\"><a href=\"https:\/\/www.reflejar.gob.ar\/2022\/03\/30\/riaej-presentacion-de-actividades-eje-ninez-y-adolescencia\/\">RIAEJ: Presentaci\u00f3n de actividades Eje Ni\u00f1ez y Adolescencia<\/a><\/blockquote><iframe loading=\"lazy\" class=\"wp-embedded-content\" sandbox=\"allow-scripts\" security=\"restricted\" style=\"position: absolute; visibility: hidden;\" title=\"&#8220;RIAEJ: Presentaci\u00f3n de actividades Eje Ni\u00f1ez y Adolescencia&#8221; &#8212; Reflejar\" src=\"https:\/\/www.reflejar.gob.ar\/2022\/03\/30\/riaej-presentacion-de-actividades-eje-ninez-y-adolescencia\/embed\/#?secret=HcytZ4r5uu#?secret=GVX9g7sT0K\" data-secret=\"GVX9g7sT0K\" width=\"525\" height=\"296\" frameborder=\"0\" marginwidth=\"0\" marginheight=\"0\" scrolling=\"no\"><\/iframe>\n<\/div><\/figure>\n\n\n\n<figure class=\"wp-block-embed is-type-wp-embed is-provider-reflejar wp-block-embed-reflejar\"><div class=\"wp-block-embed__wrapper\">\n<blockquote class=\"wp-embedded-content\" data-secret=\"GgGQ5Srlqj\"><a href=\"https:\/\/www.reflejar.gob.ar\/2021\/07\/05\/5360\/\">Se llev\u00f3 a cabo otro Encuentro Iberoamericano organizado por REFLEJAR-RIAEJ-CEJU<\/a><\/blockquote><iframe loading=\"lazy\" class=\"wp-embedded-content\" sandbox=\"allow-scripts\" security=\"restricted\" style=\"position: absolute; visibility: hidden;\" title=\"&#8220;Se llev\u00f3 a cabo otro Encuentro Iberoamericano organizado por REFLEJAR-RIAEJ-CEJU&#8221; &#8212; Reflejar\" src=\"https:\/\/www.reflejar.gob.ar\/2021\/07\/05\/5360\/embed\/#?secret=Fvn0D1XuKO#?secret=GgGQ5Srlqj\" data-secret=\"GgGQ5Srlqj\" width=\"525\" height=\"296\" frameborder=\"0\" marginwidth=\"0\" marginheight=\"0\" scrolling=\"no\"><\/iframe>\n<\/div><\/figure>\n","protected":false},"excerpt":{"rendered":"<p>Encuentre aqu\u00ed las actividades co.organizadas con la RIAEJ y\/ o con alguna\/s de sus Escuelas Miembro<\/p>\n","protected":false},"author":1,"featured_media":0,"parent":0,"menu_order":0,"comment_status":"closed","ping_status":"closed","template":"","meta":{"footnotes":""},"class_list":["post-2295","page","type-page","status-publish","hentry"],"_links":{"self":[{"href":"https:\/\/www.reflejar.gob.ar\/index.php?rest_route=\/wp\/v2\/pages\/2295","targetHints":{"allow":["GET"]}}],"collection":[{"href":"https:\/\/www.reflejar.gob.ar\/index.php?rest_route=\/wp\/v2\/pages"}],"about":[{"href":"https:\/\/www.reflejar.gob.ar\/index.php?rest_route=\/wp\/v2\/types\/page"}],"author":[{"embeddable":true,"href":"https:\/\/www.reflejar.gob.ar\/index.php?rest_route=\/wp\/v2\/users\/1"}],"replies":[{"embeddable":true,"href":"https:\/\/www.reflejar.gob.ar\/index.php?rest_route=%2Fwp%2Fv2%2Fcomments&post=2295"}],"version-history":[{"count":0,"href":"https:\/\/www.reflejar.gob.ar\/index.php?rest_route=\/wp\/v2\/pages\/2295\/revisions"}],"wp:attachment":[{"href":"https:\/\/www.reflejar.gob.ar\/index.php?rest_route=%2Fwp%2Fv2%2Fmedia&parent=2295"}],"curies":[{"name":"wp","href":"https:\/\/api.w.org\/{rel}","templated":true}]}}