{"id":10231,"date":"2024-11-28T13:36:34","date_gmt":"2024-11-28T16:36:34","guid":{"rendered":"https:\/\/www.reflejar.gob.ar\/?page_id=10231"},"modified":"2025-07-25T10:31:37","modified_gmt":"2025-07-25T13:31:37","slug":"publicaciones","status":"publish","type":"page","link":"https:\/\/www.reflejar.gob.ar\/?page_id=10231","title":{"rendered":"Publicaciones"},"content":{"rendered":"\n<p>disponibles para descarga<\/p>\n\n\n\n<figure class=\"wp-block-embed is-type-wp-embed is-provider-la-junta-federal-de-cortes-y-superiores-tribunales-de-justicia-de-las-provincias-argentinas-y-ciudad-aut-noma-de-buenos-aires wp-block-embed-la-junta-federal-de-cortes-y-superiores-tribunales-de-justicia-de-las-provincias-argentinas-y-ciudad-aut-noma-de-buenos-aires\"><div class=\"wp-block-embed__wrapper\">\n<blockquote class=\"wp-embedded-content\" data-secret=\"K3jbTS9NxL\"><a href=\"https:\/\/www.jufejus.org.ar\/revista-de-las-justicias-provinciales-y-la-ciudad-autonoma-de-buenos-aires-n-2\/\">Revista de las Justicias Provinciales y la Ciudad Aut\u00f3noma de Buenos Aires N\u00b0 2<\/a><\/blockquote><iframe loading=\"lazy\" class=\"wp-embedded-content\" sandbox=\"allow-scripts\" security=\"restricted\" style=\"position: absolute; visibility: hidden;\" title=\"\u00abRevista de las Justicias Provinciales y la Ciudad Aut\u00f3noma de Buenos Aires N\u00b0 2\u00bb \u2014 La Junta Federal de Cortes y Superiores Tribunales de Justicia de las Provincias Argentinas y Ciudad Aut\u00f3noma de Buenos Aires\" src=\"https:\/\/www.jufejus.org.ar\/revista-de-las-justicias-provinciales-y-la-ciudad-autonoma-de-buenos-aires-n-2\/embed\/#?secret=Bh0I3FIA1w#?secret=K3jbTS9NxL\" data-secret=\"K3jbTS9NxL\" width=\"525\" height=\"296\" frameborder=\"0\" marginwidth=\"0\" marginheight=\"0\" scrolling=\"no\"><\/iframe>\n<\/div><\/figure>\n\n\n\n<p>Link de descarga del ejemplar N\u00b02: <a href=\"https:\/\/drive.google.com\/file\/d\/1XzfAep3pqV8e8jU0F8r95Qy5tTRt6Ttx\/view\">https:\/\/drive.google.com\/file\/d\/1XzfAep3pqV8e8jU0F8r95Qy5tTRt6Ttx\/view<\/a><\/p>\n\n\n\n<div data-wp-interactive=\"core\/file\" class=\"wp-block-file\"><object data-wp-bind--hidden=\"!state.hasPdfPreview\" hidden class=\"wp-block-file__embed\" data=\"https:\/\/www.reflejar.gob.ar\/wp-content\/uploads\/2024\/11\/Los_40_Anos_de_Democracia_-_PDF_FINAL.pdf\" type=\"application\/pdf\" style=\"width:100%;height:600px\" aria-label=\"Incrustado de Los_40_An\u0303os_de_Democracia_-_PDF_FINAL.\"><\/object><a id=\"wp-block-file--media-70283b34-765f-4a1f-98de-dcb2df798b2e\" href=\"https:\/\/www.reflejar.gob.ar\/wp-content\/uploads\/2024\/11\/Los_40_Anos_de_Democracia_-_PDF_FINAL.pdf\">Los_40_An\u0303os_de_Democracia_-_PDF_FINAL<\/a><a href=\"https:\/\/www.reflejar.gob.ar\/wp-content\/uploads\/2024\/11\/Los_40_Anos_de_Democracia_-_PDF_FINAL.pdf\" class=\"wp-block-file__button wp-element-button\" download aria-describedby=\"wp-block-file--media-70283b34-765f-4a1f-98de-dcb2df798b2e\">Descarga<\/a><\/div>\n\n\n\n<figure class=\"wp-block-embed is-type-wp-embed is-provider-la-junta-federal-de-cortes-y-superiores-tribunales-de-justicia-de-las-provincias-argentinas-y-ciudad-aut-noma-de-buenos-aires wp-block-embed-la-junta-federal-de-cortes-y-superiores-tribunales-de-justicia-de-las-provincias-argentinas-y-ciudad-aut-noma-de-buenos-aires\"><div class=\"wp-block-embed__wrapper\">\n<blockquote class=\"wp-embedded-content\" data-secret=\"QYJrZdZjFA\"><a href=\"https:\/\/www.jufejus.org.ar\/revista-de-las-justicias-provinciales-y-la-ciudad-autonoma-de-buenos-aires-n-1\/\">Revista de las Justicias Provinciales y la Ciudad Aut\u00f3noma de Buenos Aires N\u00b0 1<\/a><\/blockquote><iframe loading=\"lazy\" class=\"wp-embedded-content\" sandbox=\"allow-scripts\" security=\"restricted\" style=\"position: absolute; visibility: hidden;\" title=\"\u00abRevista de las Justicias Provinciales y la Ciudad Aut\u00f3noma de Buenos Aires N\u00b0 1\u00bb \u2014 La Junta Federal de Cortes y Superiores Tribunales de Justicia de las Provincias Argentinas y Ciudad Aut\u00f3noma de Buenos Aires\" src=\"https:\/\/www.jufejus.org.ar\/revista-de-las-justicias-provinciales-y-la-ciudad-autonoma-de-buenos-aires-n-1\/embed\/#?secret=44eryHFG5z#?secret=QYJrZdZjFA\" data-secret=\"QYJrZdZjFA\" width=\"525\" height=\"296\" frameborder=\"0\" marginwidth=\"0\" marginheight=\"0\" scrolling=\"no\"><\/iframe>\n<\/div><\/figure>\n\n\n\n<div data-wp-interactive=\"core\/file\" class=\"wp-block-file\"><object data-wp-bind--hidden=\"!state.hasPdfPreview\" hidden class=\"wp-block-file__embed\" data=\"https:\/\/www.reflejar.gob.ar\/wp-content\/uploads\/2024\/11\/Justicias-Prov-y-CABA-01-final-1-1.pdf\" type=\"application\/pdf\" style=\"width:100%;height:600px\" aria-label=\"Incrustado de Justicias Prov y CABA-01 final (1).\"><\/object><a id=\"wp-block-file--media-7f2f8779-c47f-4baa-9ee7-6bdcf32cec10\" href=\"https:\/\/www.reflejar.gob.ar\/wp-content\/uploads\/2024\/11\/Justicias-Prov-y-CABA-01-final-1-1.pdf\">Justicias Prov y CABA-01 final (1)<\/a><a href=\"https:\/\/www.reflejar.gob.ar\/wp-content\/uploads\/2024\/11\/Justicias-Prov-y-CABA-01-final-1-1.pdf\" class=\"wp-block-file__button wp-element-button\" download aria-describedby=\"wp-block-file--media-7f2f8779-c47f-4baa-9ee7-6bdcf32cec10\">Descarga<\/a><\/div>\n\n\n\n<figure class=\"wp-block-embed is-type-wp-embed is-provider-reflejar wp-block-embed-reflejar\"><div class=\"wp-block-embed__wrapper\">\n<blockquote class=\"wp-embedded-content\" data-secret=\"ux4yc3PEEe\"><a href=\"https:\/\/www.reflejar.gob.ar\/2023\/05\/11\/se-presento-el-libro-perfeccionamiento-de-jueces-perfil-y-formacion-juridica\/\">Se present\u00f3 el Libro &#8220;Perfeccionamiento de Jueces. Perfil y Formaci\u00f3n Jur\u00eddica&#8221;<\/a><\/blockquote><iframe loading=\"lazy\" class=\"wp-embedded-content\" sandbox=\"allow-scripts\" security=\"restricted\" style=\"position: absolute; visibility: hidden;\" title=\"&#8220;Se present\u00f3 el Libro &#8220;Perfeccionamiento de Jueces. Perfil y Formaci\u00f3n Jur\u00eddica&#8221;&#8221; &#8212; Reflejar\" src=\"https:\/\/www.reflejar.gob.ar\/2023\/05\/11\/se-presento-el-libro-perfeccionamiento-de-jueces-perfil-y-formacion-juridica\/embed\/#?secret=XNn4oqvoFH#?secret=ux4yc3PEEe\" data-secret=\"ux4yc3PEEe\" width=\"525\" height=\"296\" frameborder=\"0\" marginwidth=\"0\" marginheight=\"0\" scrolling=\"no\"><\/iframe>\n<\/div><\/figure>\n\n\n\n<figure class=\"wp-block-embed is-type-wp-embed is-provider-reflejar wp-block-embed-reflejar\"><div class=\"wp-block-embed__wrapper\">\n<blockquote class=\"wp-embedded-content\" data-secret=\"JwKlHiDFCr\"><a href=\"https:\/\/www.reflejar.gob.ar\/2024\/05\/14\/ya-se-encuentra-disponible-el-libro-premio-reflejar-2023\/\">Ya se encuentra disponible el LIBRO PREMIO REFLEJAR 2023<\/a><\/blockquote><iframe loading=\"lazy\" class=\"wp-embedded-content\" sandbox=\"allow-scripts\" security=\"restricted\" style=\"position: absolute; visibility: hidden;\" title=\"&#8220;Ya se encuentra disponible el LIBRO PREMIO REFLEJAR 2023&#8221; &#8212; Reflejar\" src=\"https:\/\/www.reflejar.gob.ar\/2024\/05\/14\/ya-se-encuentra-disponible-el-libro-premio-reflejar-2023\/embed\/#?secret=X8S8nUAfa4#?secret=JwKlHiDFCr\" data-secret=\"JwKlHiDFCr\" width=\"525\" height=\"296\" frameborder=\"0\" marginwidth=\"0\" marginheight=\"0\" scrolling=\"no\"><\/iframe>\n<\/div><\/figure>\n\n\n\n<figure class=\"wp-block-embed is-type-wp-embed is-provider-reflejar wp-block-embed-reflejar\"><div class=\"wp-block-embed__wrapper\">\n<blockquote class=\"wp-embedded-content\" data-secret=\"BQOM78C1Tz\"><a href=\"https:\/\/www.reflejar.gob.ar\/2022\/03\/16\/ya-se-encuentra-disponible-en-la-biblioteca-digital-de-lejister-el-libro-premio-reflejar-2021\/\">Ya se encuentra disponible en la Biblioteca Digital de Lejister el libro PREMIO REFLEJAR 2021<\/a><\/blockquote><iframe loading=\"lazy\" class=\"wp-embedded-content\" sandbox=\"allow-scripts\" security=\"restricted\" style=\"position: absolute; visibility: hidden;\" title=\"&#8220;Ya se encuentra disponible en la Biblioteca Digital de Lejister el libro PREMIO REFLEJAR 2021&#8221; &#8212; Reflejar\" src=\"https:\/\/www.reflejar.gob.ar\/2022\/03\/16\/ya-se-encuentra-disponible-en-la-biblioteca-digital-de-lejister-el-libro-premio-reflejar-2021\/embed\/#?secret=hJXfCLUACo#?secret=BQOM78C1Tz\" data-secret=\"BQOM78C1Tz\" width=\"525\" height=\"296\" frameborder=\"0\" marginwidth=\"0\" marginheight=\"0\" scrolling=\"no\"><\/iframe>\n<\/div><\/figure>\n\n\n\n<figure class=\"wp-block-embed is-type-wp-embed is-provider-reflejar wp-block-embed-reflejar\"><div class=\"wp-block-embed__wrapper\">\n<blockquote class=\"wp-embedded-content\" data-secret=\"P68WVsHdCB\"><a href=\"https:\/\/www.reflejar.gob.ar\/2022\/02\/06\/disponible-libro-premio-reflejar-2021\/\">Disponible: LIBRO PREMIO REFLEJAR 2021<\/a><\/blockquote><iframe loading=\"lazy\" class=\"wp-embedded-content\" sandbox=\"allow-scripts\" security=\"restricted\" style=\"position: absolute; visibility: hidden;\" title=\"&#8220;Disponible: LIBRO PREMIO REFLEJAR 2021&#8221; &#8212; Reflejar\" src=\"https:\/\/www.reflejar.gob.ar\/2022\/02\/06\/disponible-libro-premio-reflejar-2021\/embed\/#?secret=0MPwxqAIXU#?secret=P68WVsHdCB\" data-secret=\"P68WVsHdCB\" width=\"525\" height=\"296\" frameborder=\"0\" marginwidth=\"0\" marginheight=\"0\" scrolling=\"no\"><\/iframe>\n<\/div><\/figure>\n\n\n\n<figure class=\"wp-block-embed is-type-wp-embed is-provider-reflejar wp-block-embed-reflejar\"><div class=\"wp-block-embed__wrapper\">\n<blockquote class=\"wp-embedded-content\" data-secret=\"lkevzwQ8ie\"><a href=\"https:\/\/www.reflejar.gob.ar\/2020\/12\/15\/libro-premio-reflejar-2020\/\">LIBRO PREMIO REFLEJAR 2020<\/a><\/blockquote><iframe loading=\"lazy\" class=\"wp-embedded-content\" sandbox=\"allow-scripts\" security=\"restricted\" style=\"position: absolute; visibility: hidden;\" title=\"&#8220;LIBRO PREMIO REFLEJAR 2020&#8221; &#8212; Reflejar\" src=\"https:\/\/www.reflejar.gob.ar\/2020\/12\/15\/libro-premio-reflejar-2020\/embed\/#?secret=9zGw7aRtxu#?secret=lkevzwQ8ie\" data-secret=\"lkevzwQ8ie\" width=\"525\" height=\"296\" frameborder=\"0\" marginwidth=\"0\" marginheight=\"0\" scrolling=\"no\"><\/iframe>\n<\/div><\/figure>\n\n\n\n<figure class=\"wp-block-embed is-type-wp-embed is-provider-reflejar wp-block-embed-reflejar\"><div class=\"wp-block-embed__wrapper\">\n<blockquote class=\"wp-embedded-content\" data-secret=\"KXwcGKn5Zs\"><a href=\"https:\/\/www.reflejar.gob.ar\/2019\/11\/21\/libro-premio-reflejar\/\">Libro Premio Reflejar 2019<\/a><\/blockquote><iframe loading=\"lazy\" class=\"wp-embedded-content\" sandbox=\"allow-scripts\" security=\"restricted\" style=\"position: absolute; visibility: hidden;\" title=\"&#8220;Libro Premio Reflejar 2019&#8221; &#8212; Reflejar\" src=\"https:\/\/www.reflejar.gob.ar\/2019\/11\/21\/libro-premio-reflejar\/embed\/#?secret=slZnF7V5Pn#?secret=KXwcGKn5Zs\" data-secret=\"KXwcGKn5Zs\" width=\"525\" height=\"296\" frameborder=\"0\" marginwidth=\"0\" marginheight=\"0\" scrolling=\"no\"><\/iframe>\n<\/div><\/figure>\n\n\n\n<p><\/p>\n","protected":false},"excerpt":{"rendered":"<p>disponibles para descarga Link de descarga del ejemplar N\u00b02: https:\/\/drive.google.com\/file\/d\/1XzfAep3pqV8e8jU0F8r95Qy5tTRt6Ttx\/view<\/p>\n","protected":false},"author":49,"featured_media":0,"parent":0,"menu_order":0,"comment_status":"closed","ping_status":"closed","template":"","meta":{"footnotes":""},"class_list":["post-10231","page","type-page","status-publish","hentry"],"_links":{"self":[{"href":"https:\/\/www.reflejar.gob.ar\/index.php?rest_route=\/wp\/v2\/pages\/10231","targetHints":{"allow":["GET"]}}],"collection":[{"href":"https:\/\/www.reflejar.gob.ar\/index.php?rest_route=\/wp\/v2\/pages"}],"about":[{"href":"https:\/\/www.reflejar.gob.ar\/index.php?rest_route=\/wp\/v2\/types\/page"}],"author":[{"embeddable":true,"href":"https:\/\/www.reflejar.gob.ar\/index.php?rest_route=\/wp\/v2\/users\/49"}],"replies":[{"embeddable":true,"href":"https:\/\/www.reflejar.gob.ar\/index.php?rest_route=%2Fwp%2Fv2%2Fcomments&post=10231"}],"version-history":[{"count":0,"href":"https:\/\/www.reflejar.gob.ar\/index.php?rest_route=\/wp\/v2\/pages\/10231\/revisions"}],"wp:attachment":[{"href":"https:\/\/www.reflejar.gob.ar\/index.php?rest_route=%2Fwp%2Fv2%2Fmedia&parent=10231"}],"curies":[{"name":"wp","href":"https:\/\/api.w.org\/{rel}","templated":true}]}}